{"id":139,"date":"2020-09-02T09:01:23","date_gmt":"2020-09-02T07:01:23","guid":{"rendered":"https:\/\/kinderbetreuung-neutraubling.de\/moby-dick\/?page_id=139"},"modified":"2025-10-15T12:59:02","modified_gmt":"2025-10-15T10:59:02","slug":"unser-tagesablauf","status":"publish","type":"page","link":"https:\/\/kinderbetreuung-neutraubling.de\/moby-dick\/unser-tagesablauf\/","title":{"rendered":"Unser Tagesablauf"},"content":{"rendered":"\n<p><strong><u>Exemplarischer Tagesablauf<\/u><\/strong><\/p>\n\n\n\n<p><strong>07:15 Uhr bis 08:00 Uhr &nbsp;&nbsp;&nbsp;&nbsp;&nbsp;&nbsp;&nbsp; Bringzeit&nbsp;&nbsp;&nbsp;<\/strong><\/p>\n\n\n\n<p><strong>08:15 Uhr bis 08:30 Uhr&nbsp;&nbsp;&nbsp;&nbsp;&nbsp;&nbsp;&nbsp;&nbsp; Morgenkreis<\/strong><\/p>\n\n\n\n<ul>\n<li>Begr\u00fc\u00dfungslied<\/li>\n\n\n\n<li>jedes Kind wird pers\u00f6nlich begr\u00fc\u00dft<\/li>\n\n\n\n<li>Kinderfotos werden in die Mitte gelegt \/ Gestaltung durch Handpuppen<\/li>\n\n\n\n<li>Z\u00e4hlen der Kinder<\/li>\n\n\n\n<li>Singen von Liedern, Fingerspiele, Bewegungsspiele, Klanggeschichten oder Bilderbuchbetrachtung\u2026<\/li>\n<\/ul>\n\n\n\n<p><strong>08:30 Uhr bis 09:15 Uhr &nbsp;&nbsp;&nbsp;&nbsp;&nbsp;&nbsp;&nbsp; Vormittagsbrotzeit&nbsp;&nbsp;&nbsp;&nbsp;&nbsp;&nbsp;&nbsp;<\/strong><\/p>\n\n\n\n<p><strong>09:15 Uhr bis 09:45 Uhr &nbsp;&nbsp;&nbsp;&nbsp;&nbsp;&nbsp;&nbsp; Sauberkeitserziehung<\/strong><\/p>\n\n\n\n<p><strong>09:45 Uhr bis 11:00 Uhr \u00a0\u00a0\u00a0\u00a0\u00a0\u00a0\u00a0 Freispielzeit<\/strong><\/p>\n\n\n\n<p><strong>\u2022&nbsp;&nbsp; <\/strong>Garten, Kreativangebote, Spazierg\u00e4nge, Spielplatzbesuche\u2026<\/p>\n\n\n\n<p><strong>11:00 Uhr bis 12:00 Uhr &nbsp;&nbsp;&nbsp;&nbsp;&nbsp;&nbsp;&nbsp; &nbsp;Mittagessen<\/strong><\/p>\n\n\n\n<p><strong>12:00 Uhr bis 14:00 Uhr &nbsp;&nbsp;&nbsp;&nbsp;&nbsp;&nbsp;&nbsp; &nbsp;Mittagsschlaf<\/strong><\/p>\n\n\n\n<p><strong>14:00 Uhr bis 15:00 Uhr \u00a0\u00a0\u00a0\u00a0\u00a0\u00a0\u00a0 \u00a0Freispielzeit<\/strong><\/p>\n\n\n\n<p><strong>15:00 Uhr bis 15:30 Uhr \u00a0\u00a0\u00a0\u00a0\u00a0\u00a0\u00a0 \u00a0Nachmittagsbrotzeit<\/strong><\/p>\n\n\n\n<p><strong>15:30 Uhr bis 16:00 Uhr \u00a0\u00a0\u00a0\u00a0\u00a0\u00a0\u00a0 \u00a0Freispielzeit<\/strong><\/p>\n\n\n\n<p>Die Abholzeiten richten sich je nach Buchungszeit des jeweiligen Kindes. Von 08:15 \u2013 12:00 Uhr findet die sogenannte \u201ep\u00e4dagogische Kernzeit\u201c statt. In diesem Zeitraum sollten bitte alle Kinder in der Einrichtung anwesend sein.<\/p>\n","protected":false},"excerpt":{"rendered":"<p>Exemplarischer Tagesablauf 07:15 Uhr bis 08:00 Uhr &nbsp;&nbsp;&nbsp;&nbsp;&nbsp;&nbsp;&nbsp; Bringzeit&nbsp;&nbsp;&nbsp; 08:15 Uhr bis 08:30 Uhr&nbsp;&nbsp;&nbsp;&nbsp;&nbsp;&nbsp;&nbsp;&nbsp; Morgenkreis 08:30 Uhr bis 09:15 Uhr &nbsp;&nbsp;&nbsp;&nbsp;&nbsp;&nbsp;&nbsp; Vormittagsbrotzeit&nbsp;&nbsp;&nbsp;&nbsp;&nbsp;&nbsp;&nbsp; 09:15 Uhr bis 09:45 Uhr &nbsp;&nbsp;&nbsp;&nbsp;&nbsp;&nbsp;&nbsp; Sauberkeitserziehung 09:45 Uhr bis 11:00 Uhr \u00a0\u00a0\u00a0\u00a0\u00a0\u00a0\u00a0 Freispielzeit \u2022&nbsp;&nbsp; Garten, Kreativangebote, Spazierg\u00e4nge, Spielplatzbesuche\u2026 11:00 Uhr bis 12:00 Uhr &nbsp;&nbsp;&nbsp;&nbsp;&nbsp;&nbsp;&nbsp; &nbsp;Mittagessen 12:00 Uhr bis 14:00 Uhr &nbsp;&nbsp;&nbsp;&nbsp;&nbsp;&nbsp;&nbsp; &nbsp;Mittagsschlaf [&hellip;]<\/p>\n","protected":false},"author":5,"featured_media":0,"parent":0,"menu_order":0,"comment_status":"closed","ping_status":"closed","template":"","meta":{"ocean_post_layout":"","ocean_both_sidebars_style":"","ocean_both_sidebars_content_width":0,"ocean_both_sidebars_sidebars_width":0,"ocean_sidebar":"","ocean_second_sidebar":"","ocean_disable_margins":"enable","ocean_add_body_class":"","ocean_shortcode_before_top_bar":"","ocean_shortcode_after_top_bar":"","ocean_shortcode_before_header":"","ocean_shortcode_after_header":"","ocean_has_shortcode":"","ocean_shortcode_after_title":"","ocean_shortcode_before_footer_widgets":"","ocean_shortcode_after_footer_widgets":"","ocean_shortcode_before_footer_bottom":"","ocean_shortcode_after_footer_bottom":"","ocean_display_top_bar":"default","ocean_display_header":"default","ocean_header_style":"","ocean_center_header_left_menu":"","ocean_custom_header_template":"","ocean_custom_logo":0,"ocean_custom_retina_logo":0,"ocean_custom_logo_max_width":0,"ocean_custom_logo_tablet_max_width":0,"ocean_custom_logo_mobile_max_width":0,"ocean_custom_logo_max_height":0,"ocean_custom_logo_tablet_max_height":0,"ocean_custom_logo_mobile_max_height":0,"ocean_header_custom_menu":"","ocean_menu_typo_font_family":"","ocean_menu_typo_font_subset":"","ocean_menu_typo_font_size":0,"ocean_menu_typo_font_size_tablet":0,"ocean_menu_typo_font_size_mobile":0,"ocean_menu_typo_font_size_unit":"px","ocean_menu_typo_font_weight":"","ocean_menu_typo_font_weight_tablet":"","ocean_menu_typo_font_weight_mobile":"","ocean_menu_typo_transform":"","ocean_menu_typo_transform_tablet":"","ocean_menu_typo_transform_mobile":"","ocean_menu_typo_line_height":0,"ocean_menu_typo_line_height_tablet":0,"ocean_menu_typo_line_height_mobile":0,"ocean_menu_typo_line_height_unit":"","ocean_menu_typo_spacing":0,"ocean_menu_typo_spacing_tablet":0,"ocean_menu_typo_spacing_mobile":0,"ocean_menu_typo_spacing_unit":"","ocean_menu_link_color":"","ocean_menu_link_color_hover":"","ocean_menu_link_color_active":"","ocean_menu_link_background":"","ocean_menu_link_hover_background":"","ocean_menu_link_active_background":"","ocean_menu_social_links_bg":"","ocean_menu_social_hover_links_bg":"","ocean_menu_social_links_color":"","ocean_menu_social_hover_links_color":"","ocean_disable_title":"default","ocean_disable_heading":"default","ocean_post_title":"","ocean_post_subheading":"","ocean_post_title_style":"","ocean_post_title_background_color":"","ocean_post_title_background":0,"ocean_post_title_bg_image_position":"","ocean_post_title_bg_image_attachment":"","ocean_post_title_bg_image_repeat":"","ocean_post_title_bg_image_size":"","ocean_post_title_height":0,"ocean_post_title_bg_overlay":0.5,"ocean_post_title_bg_overlay_color":"","ocean_disable_breadcrumbs":"default","ocean_breadcrumbs_color":"","ocean_breadcrumbs_separator_color":"","ocean_breadcrumbs_links_color":"","ocean_breadcrumbs_links_hover_color":"","ocean_display_footer_widgets":"default","ocean_display_footer_bottom":"default","ocean_custom_footer_template":""},"_links":{"self":[{"href":"https:\/\/kinderbetreuung-neutraubling.de\/moby-dick\/wp-json\/wp\/v2\/pages\/139"}],"collection":[{"href":"https:\/\/kinderbetreuung-neutraubling.de\/moby-dick\/wp-json\/wp\/v2\/pages"}],"about":[{"href":"https:\/\/kinderbetreuung-neutraubling.de\/moby-dick\/wp-json\/wp\/v2\/types\/page"}],"author":[{"embeddable":true,"href":"https:\/\/kinderbetreuung-neutraubling.de\/moby-dick\/wp-json\/wp\/v2\/users\/5"}],"replies":[{"embeddable":true,"href":"https:\/\/kinderbetreuung-neutraubling.de\/moby-dick\/wp-json\/wp\/v2\/comments?post=139"}],"version-history":[{"count":3,"href":"https:\/\/kinderbetreuung-neutraubling.de\/moby-dick\/wp-json\/wp\/v2\/pages\/139\/revisions"}],"predecessor-version":[{"id":327,"href":"https:\/\/kinderbetreuung-neutraubling.de\/moby-dick\/wp-json\/wp\/v2\/pages\/139\/revisions\/327"}],"wp:attachment":[{"href":"https:\/\/kinderbetreuung-neutraubling.de\/moby-dick\/wp-json\/wp\/v2\/media?parent=139"}],"curies":[{"name":"wp","href":"https:\/\/api.w.org\/{rel}","templated":true}]}}