{"id":135,"date":"2020-09-02T09:01:10","date_gmt":"2020-09-02T07:01:10","guid":{"rendered":"https:\/\/kinderbetreuung-neutraubling.de\/moby-dick\/?page_id=135"},"modified":"2020-09-08T16:27:44","modified_gmt":"2020-09-08T14:27:44","slug":"eingewoehnung","status":"publish","type":"page","link":"https:\/\/kinderbetreuung-neutraubling.de\/moby-dick\/eingewoehnung\/","title":{"rendered":"Die Eingew\u00f6hnung bei uns"},"content":{"rendered":"\n<p><strong>Eingew\u00f6hnung &#8211; Transition von der Familie in die Kinderkrippe<\/strong><\/p>\n\n\n\n<p>Die Eingew\u00f6hnung hat f\u00fcr uns als Institution einen sehr hohen Stellenwert.<\/p>\n\n\n\n<p>Wenn die Kinder zu uns in die Krippe kommen, haben sie die erste Zeit meist zu Hause mit den Eltern erlebt und sind es nicht gewohnt, so viele unbekannte Gesichter um sich zu haben. In der Kinderkrippe ist nat\u00fcrlich alles noch ganz ungewohnt: die neue Umgebung, die neuen Ger\u00fcche und R\u00e4umlichkeiten, der ver\u00e4nderte Tagesablauf mit unbekannten Ritualen und nat\u00fcrlich die vielen Kinder und wir als Personal.<\/p>\n\n\n\n<p>Um den Kindern von Anfang an die n\u00f6tige Sicherheit zu geben, ist es f\u00fcr uns Erwachsene wichtig, die Kinder in dieser Zeit zu begleiten und ihnen helfend zur Seite zu stehen.&nbsp; Mit der Eingew\u00f6hnungszeit beginnt der \u00dcbergang von der Familie in unsere Einrichtung.<\/p>\n\n\n\n<p><strong>Dauer der Eingew\u00f6hnungszeit<\/strong>:<\/p>\n\n\n\n<p>Die Dauer der Eingew\u00f6hnung ist von Kind zu Kind verschieden und h\u00e4ngt mit seinen Erfahrungen mit Trennungssituationen und dem Kontakt zu anderen Kindern und Personen zusammen, weswegen wir sehr auf die Individualit\u00e4t des einzelnen Kindes achten.<\/p>\n\n\n\n<p>Wir gehen in unserer Einrichtung von ca. 2-3 Wochen f\u00fcr die Eingew\u00f6hnung aus, bis sich das Kind vollst\u00e4ndig eingew\u00f6hnt hat, um bei eventueller Erkrankung oder anderen unvorhersehbaren Ereignissen noch einen zeitlichen Spielraum zu haben.<\/p>\n\n\n\n<p><strong>Ablauf der Eingew\u00f6hnungszeit<\/strong>:<\/p>\n\n\n\n<p>Die Mindesteingew\u00f6hnungszeit betr\u00e4gt bei uns stets zwei Wochen. Die Begleitung durch ein Elternteil oder durch eine andere nahestehende Bezugsperson spielt f\u00fcr das Gelingen der Eingew\u00f6hnung eine bedeutende Rolle. Die Begleitperson dient dem Kind als \u201esicherer Hafen\u201c in dieser Zeit und sollte innerhalb der zwei Wochen m\u00f6glichst nicht gewechselt werden.<\/p>\n\n\n\n<p>Die ersten drei Tage verbringt die Begleitperson mit dem Kind zusammen eine Stunde in der Einrichtung. Werden mehrere Kinder am selben Tag aufgenommen, findet die Eingew\u00f6hnung gestaffelt statt.<\/p>\n\n\n\n<p>Am 4. Tag findet die erste kurzzeitige Trennung (15-30 Minuten) statt, in der sich dann entscheidet, wie der weitere Verlauf der Eingew\u00f6hnung in die Kinderkrippe ablaufen wird. Je nach Kind wird daraufhin individuell gehandelt und der Trennungszeitraum in den n\u00e4chsten Tagen gesteigert. Gegen Ende der zweiten Eingew\u00f6hnungswoche wird die komplette Buchungszeit Ihres Kindes als Ziel angepeilt \u2013 Ihr Kind darf nun also auch zum ersten Mal Mittagessen oder in der Einrichtung schlafen. Bitte seien Sie w\u00e4hrend der Eingew\u00f6hnung stets erreichbar, damit wir uns mit Ihnen austauschen k\u00f6nnen.<\/p>\n\n\n\n<p><strong>Tipps f\u00fcr eine erfolgreiche Eingew\u00f6hnung<\/strong>:<\/p>\n\n\n\n<ul><li>Bitte planen Sie den Urlaub mit Ihrem Kind nicht w\u00e4hrend oder kurz nach der Eingew\u00f6hnungszeit, so dass Ihr Kind keine l\u00e4ngere Abwesenheit in der Einrichtung hat.<\/li><\/ul>\n\n\n\n<ul><li>Als Hilfestellung kann Ihr Kind jederzeit ein Schmusetuch, Schnuller, Kuscheltier, \u201eIch-Buch\u201c etc. mitbringen.<\/li><\/ul>\n\n\n\n<ul><li>Geben Sie uns Informationen \u00fcber Ihr Kind in der Familie wie Rituale, Gewohnheiten usw.<\/li><\/ul>\n\n\n\n<ul><li>Verabschieden Sie sich ganz bewusst von Ihrem Kind und geben Sie ihm Sicherheit, dass Sie wiederkommen. Wichtig dabei ist, dass Sie hinter dem Konzept der Kinderkrippe stehen und Sie sich auch von Ihrem Kind trennen k\u00f6nnen, da die Kinder Ihre Gef\u00fchle deutlich sp\u00fcren.<\/li><\/ul>\n","protected":false},"excerpt":{"rendered":"<p>Eingew\u00f6hnung &#8211; Transition von der Familie in die Kinderkrippe Die Eingew\u00f6hnung hat f\u00fcr uns als Institution einen sehr hohen Stellenwert. Wenn die Kinder zu uns in die Krippe kommen, haben sie die erste Zeit meist zu Hause mit den Eltern erlebt und sind es nicht gewohnt, so viele unbekannte Gesichter um sich zu haben. In [&hellip;]<\/p>\n","protected":false},"author":5,"featured_media":0,"parent":0,"menu_order":0,"comment_status":"closed","ping_status":"closed","template":"","meta":{"ocean_post_layout":"","ocean_both_sidebars_style":"","ocean_both_sidebars_content_width":0,"ocean_both_sidebars_sidebars_width":0,"ocean_sidebar":"","ocean_second_sidebar":"","ocean_disable_margins":"enable","ocean_add_body_class":"","ocean_shortcode_before_top_bar":"","ocean_shortcode_after_top_bar":"","ocean_shortcode_before_header":"","ocean_shortcode_after_header":"","ocean_has_shortcode":"","ocean_shortcode_after_title":"","ocean_shortcode_before_footer_widgets":"","ocean_shortcode_after_footer_widgets":"","ocean_shortcode_before_footer_bottom":"","ocean_shortcode_after_footer_bottom":"","ocean_display_top_bar":"default","ocean_display_header":"default","ocean_header_style":"","ocean_center_header_left_menu":"","ocean_custom_header_template":"","ocean_custom_logo":0,"ocean_custom_retina_logo":0,"ocean_custom_logo_max_width":0,"ocean_custom_logo_tablet_max_width":0,"ocean_custom_logo_mobile_max_width":0,"ocean_custom_logo_max_height":0,"ocean_custom_logo_tablet_max_height":0,"ocean_custom_logo_mobile_max_height":0,"ocean_header_custom_menu":"","ocean_menu_typo_font_family":"","ocean_menu_typo_font_subset":"","ocean_menu_typo_font_size":0,"ocean_menu_typo_font_size_tablet":0,"ocean_menu_typo_font_size_mobile":0,"ocean_menu_typo_font_size_unit":"px","ocean_menu_typo_font_weight":"","ocean_menu_typo_font_weight_tablet":"","ocean_menu_typo_font_weight_mobile":"","ocean_menu_typo_transform":"","ocean_menu_typo_transform_tablet":"","ocean_menu_typo_transform_mobile":"","ocean_menu_typo_line_height":0,"ocean_menu_typo_line_height_tablet":0,"ocean_menu_typo_line_height_mobile":0,"ocean_menu_typo_line_height_unit":"","ocean_menu_typo_spacing":0,"ocean_menu_typo_spacing_tablet":0,"ocean_menu_typo_spacing_mobile":0,"ocean_menu_typo_spacing_unit":"","ocean_menu_link_color":"","ocean_menu_link_color_hover":"","ocean_menu_link_color_active":"","ocean_menu_link_background":"","ocean_menu_link_hover_background":"","ocean_menu_link_active_background":"","ocean_menu_social_links_bg":"","ocean_menu_social_hover_links_bg":"","ocean_menu_social_links_color":"","ocean_menu_social_hover_links_color":"","ocean_disable_title":"default","ocean_disable_heading":"default","ocean_post_title":"","ocean_post_subheading":"","ocean_post_title_style":"","ocean_post_title_background_color":"","ocean_post_title_background":0,"ocean_post_title_bg_image_position":"","ocean_post_title_bg_image_attachment":"","ocean_post_title_bg_image_repeat":"","ocean_post_title_bg_image_size":"","ocean_post_title_height":0,"ocean_post_title_bg_overlay":0.5,"ocean_post_title_bg_overlay_color":"","ocean_disable_breadcrumbs":"default","ocean_breadcrumbs_color":"","ocean_breadcrumbs_separator_color":"","ocean_breadcrumbs_links_color":"","ocean_breadcrumbs_links_hover_color":"","ocean_display_footer_widgets":"default","ocean_display_footer_bottom":"default","ocean_custom_footer_template":""},"_links":{"self":[{"href":"https:\/\/kinderbetreuung-neutraubling.de\/moby-dick\/wp-json\/wp\/v2\/pages\/135"}],"collection":[{"href":"https:\/\/kinderbetreuung-neutraubling.de\/moby-dick\/wp-json\/wp\/v2\/pages"}],"about":[{"href":"https:\/\/kinderbetreuung-neutraubling.de\/moby-dick\/wp-json\/wp\/v2\/types\/page"}],"author":[{"embeddable":true,"href":"https:\/\/kinderbetreuung-neutraubling.de\/moby-dick\/wp-json\/wp\/v2\/users\/5"}],"replies":[{"embeddable":true,"href":"https:\/\/kinderbetreuung-neutraubling.de\/moby-dick\/wp-json\/wp\/v2\/comments?post=135"}],"version-history":[{"count":2,"href":"https:\/\/kinderbetreuung-neutraubling.de\/moby-dick\/wp-json\/wp\/v2\/pages\/135\/revisions"}],"predecessor-version":[{"id":178,"href":"https:\/\/kinderbetreuung-neutraubling.de\/moby-dick\/wp-json\/wp\/v2\/pages\/135\/revisions\/178"}],"wp:attachment":[{"href":"https:\/\/kinderbetreuung-neutraubling.de\/moby-dick\/wp-json\/wp\/v2\/media?parent=135"}],"curies":[{"name":"wp","href":"https:\/\/api.w.org\/{rel}","templated":true}]}}