{"id":72,"date":"2023-08-31T15:07:28","date_gmt":"2023-08-31T13:07:28","guid":{"rendered":"https:\/\/staging2.smorra.de\/mittagsbetreuung\/?page_id=72"},"modified":"2025-09-26T09:10:10","modified_gmt":"2025-09-26T07:10:10","slug":"informationen","status":"publish","type":"page","link":"https:\/\/kinderbetreuung-neutraubling.de\/mittagsbetreuung\/informationen\/","title":{"rendered":"Geb\u00fchren"},"content":{"rendered":"\n<h3><\/h3>\n\n\n\n<figure class=\"wp-block-table alignleft\"><table><tbody><tr><td><strong>Die Geb\u00fchren f\u00fcr jeden angefangenen Monat betrage<\/strong>n<\/td><td class=\"has-text-align-center\" data-align=\"center\"><strong>Bis 14.00 Uhr<\/strong><\/td><td><strong><strong>Bis 15.30 Uhr<\/strong><\/strong><\/td><\/tr><tr><td>1 Tag\/   pro Woche<br>2 Tage\/ pro Woche<br>3 Tage\/ pro Woche<br>4 Tage\/ pro Woche<br>5 Tage\/ pro Woche<\/td><td class=\"has-text-align-center\" data-align=\"center\">30,&#8211; \u20ac<br>35,&#8211; \u20ac<br>50,&#8211; \u20ac<br>55,&#8211; \u20ac<br>60,&#8211; \u20ac<\/td><td>40,&#8211; \u20ac<br>55,&#8211; \u20ac<br>70,&#8211; \u20ac<br>75,&#8211; \u20ac<br>80,&#8211; \u20ac<\/td><\/tr><tr><td><\/td><td class=\"has-text-align-center\" data-align=\"center\"><\/td><td><\/td><\/tr><tr><td><strong>Eine Buchung des Mittagessens nur an einzelnen, festgelegten Wochentagen ist m\u00f6glich, <br>die monatliche Geb\u00fchr betr\u00e4gt bei Buchung des Essens<\/strong>:<\/td><td class=\"has-text-align-center\" data-align=\"center\"><\/td><td><\/td><\/tr><tr><td>einmal pro Woche<\/td><td class=\"has-text-align-center\" data-align=\"center\">15,60 \u20ac<\/td><td><\/td><\/tr><tr><td>zweimal pro Woche<\/td><td class=\"has-text-align-center\" data-align=\"center\">31,20\u20ac<\/td><td><\/td><\/tr><tr><td>dreimal pro Woche<\/td><td class=\"has-text-align-center\" data-align=\"center\">46,80\u20ac<\/td><td><\/td><\/tr><tr><td>viermal pro Woche<\/td><td class=\"has-text-align-center\" data-align=\"center\">62,40\u20ac<\/td><td><\/td><\/tr><tr><td>f\u00fcnfmal pro Woche<\/td><td class=\"has-text-align-center\" data-align=\"center\">78,00\u20ac<\/td><td><\/td><\/tr><\/tbody><\/table><\/figure>\n\n\n\n<p> <\/p>\n","protected":false},"excerpt":{"rendered":"<p>Die Geb\u00fchren f\u00fcr jeden angefangenen Monat betragen Bis 14.00 Uhr Bis 15.30 Uhr 1 Tag\/ pro Woche2 Tage\/ pro Woche3 Tage\/ pro Woche4 Tage\/ pro Woche5 Tage\/ pro Woche 30,&#8211; \u20ac35,&#8211; \u20ac50,&#8211; \u20ac55,&#8211; \u20ac60,&#8211; \u20ac 40,&#8211; \u20ac55,&#8211; \u20ac70,&#8211; \u20ac75,&#8211; \u20ac80,&#8211; \u20ac Eine Buchung des Mittagessens nur an einzelnen, festgelegten Wochentagen ist m\u00f6glich, die monatliche Geb\u00fchr [&hellip;]<\/p>\n","protected":false},"author":1,"featured_media":0,"parent":0,"menu_order":0,"comment_status":"closed","ping_status":"closed","template":"","meta":{"ocean_post_layout":"","ocean_both_sidebars_style":"","ocean_both_sidebars_content_width":0,"ocean_both_sidebars_sidebars_width":0,"ocean_sidebar":"0","ocean_second_sidebar":"0","ocean_disable_margins":"enable","ocean_add_body_class":"","ocean_shortcode_before_top_bar":"","ocean_shortcode_after_top_bar":"","ocean_shortcode_before_header":"","ocean_shortcode_after_header":"","ocean_has_shortcode":"","ocean_shortcode_after_title":"","ocean_shortcode_before_footer_widgets":"","ocean_shortcode_after_footer_widgets":"","ocean_shortcode_before_footer_bottom":"","ocean_shortcode_after_footer_bottom":"","ocean_display_top_bar":"default","ocean_display_header":"default","ocean_header_style":"","ocean_center_header_left_menu":"0","ocean_custom_header_template":"0","ocean_custom_logo":0,"ocean_custom_retina_logo":0,"ocean_custom_logo_max_width":0,"ocean_custom_logo_tablet_max_width":0,"ocean_custom_logo_mobile_max_width":0,"ocean_custom_logo_max_height":0,"ocean_custom_logo_tablet_max_height":0,"ocean_custom_logo_mobile_max_height":0,"ocean_header_custom_menu":"0","ocean_menu_typo_font_family":"0","ocean_menu_typo_font_subset":"","ocean_menu_typo_font_size":0,"ocean_menu_typo_font_size_tablet":0,"ocean_menu_typo_font_size_mobile":0,"ocean_menu_typo_font_size_unit":"px","ocean_menu_typo_font_weight":"","ocean_menu_typo_font_weight_tablet":"","ocean_menu_typo_font_weight_mobile":"","ocean_menu_typo_transform":"","ocean_menu_typo_transform_tablet":"","ocean_menu_typo_transform_mobile":"","ocean_menu_typo_line_height":0,"ocean_menu_typo_line_height_tablet":0,"ocean_menu_typo_line_height_mobile":0,"ocean_menu_typo_line_height_unit":"","ocean_menu_typo_spacing":0,"ocean_menu_typo_spacing_tablet":0,"ocean_menu_typo_spacing_mobile":0,"ocean_menu_typo_spacing_unit":"","ocean_menu_link_color":"","ocean_menu_link_color_hover":"","ocean_menu_link_color_active":"","ocean_menu_link_background":"","ocean_menu_link_hover_background":"","ocean_menu_link_active_background":"","ocean_menu_social_links_bg":"","ocean_menu_social_hover_links_bg":"","ocean_menu_social_links_color":"","ocean_menu_social_hover_links_color":"","ocean_disable_title":"default","ocean_disable_heading":"default","ocean_post_title":"","ocean_post_subheading":"","ocean_post_title_style":"","ocean_post_title_background_color":"","ocean_post_title_background":0,"ocean_post_title_bg_image_position":"","ocean_post_title_bg_image_attachment":"","ocean_post_title_bg_image_repeat":"","ocean_post_title_bg_image_size":"","ocean_post_title_height":0,"ocean_post_title_bg_overlay":0.5,"ocean_post_title_bg_overlay_color":"","ocean_disable_breadcrumbs":"default","ocean_breadcrumbs_color":"","ocean_breadcrumbs_separator_color":"","ocean_breadcrumbs_links_color":"","ocean_breadcrumbs_links_hover_color":"","ocean_display_footer_widgets":"default","ocean_display_footer_bottom":"default","ocean_custom_footer_template":"0"},"_links":{"self":[{"href":"https:\/\/kinderbetreuung-neutraubling.de\/mittagsbetreuung\/wp-json\/wp\/v2\/pages\/72"}],"collection":[{"href":"https:\/\/kinderbetreuung-neutraubling.de\/mittagsbetreuung\/wp-json\/wp\/v2\/pages"}],"about":[{"href":"https:\/\/kinderbetreuung-neutraubling.de\/mittagsbetreuung\/wp-json\/wp\/v2\/types\/page"}],"author":[{"embeddable":true,"href":"https:\/\/kinderbetreuung-neutraubling.de\/mittagsbetreuung\/wp-json\/wp\/v2\/users\/1"}],"replies":[{"embeddable":true,"href":"https:\/\/kinderbetreuung-neutraubling.de\/mittagsbetreuung\/wp-json\/wp\/v2\/comments?post=72"}],"version-history":[{"count":13,"href":"https:\/\/kinderbetreuung-neutraubling.de\/mittagsbetreuung\/wp-json\/wp\/v2\/pages\/72\/revisions"}],"predecessor-version":[{"id":514,"href":"https:\/\/kinderbetreuung-neutraubling.de\/mittagsbetreuung\/wp-json\/wp\/v2\/pages\/72\/revisions\/514"}],"wp:attachment":[{"href":"https:\/\/kinderbetreuung-neutraubling.de\/mittagsbetreuung\/wp-json\/wp\/v2\/media?parent=72"}],"curies":[{"name":"wp","href":"https:\/\/api.w.org\/{rel}","templated":true}]}}