{"id":72,"date":"2020-06-14T20:12:06","date_gmt":"2020-06-14T18:12:06","guid":{"rendered":"https:\/\/staging2.smorra.de\/krabbelstube-am-see\/?page_id=72"},"modified":"2021-09-10T16:51:29","modified_gmt":"2021-09-10T14:51:29","slug":"informationen","status":"publish","type":"page","link":"https:\/\/kinderbetreuung-neutraubling.de\/krabbelstube-am-see\/informationen\/","title":{"rendered":"\u00d6ffnungs- und Schlie\u00dfzeiten"},"content":{"rendered":"\n<p>2 Gruppen,<\/p>\n\n\n\n<p>22 Betreuungspl\u00e4tze<\/p>\n\n\n\n<p>Lage am Neutraublinger See mit sch\u00f6nem Garten und Spielm\u00f6glichkeiten im Freien<\/p>\n\n\n\n<h2>\u00d6ffnungszeiten<\/h2>\n\n\n\n<p>Montag bis Freitag 07:00 &#8211; 17:00 Uhr<\/p>\n\n\n\n<h2>Schlie\u00dftage<\/h2>\n\n\n\n<div class=\"wp-block-file\"><a href=\"https:\/\/kinderbetreuung-neutraubling.de\/krabbelstube-am-see\/wp-content\/uploads\/sites\/8\/2021\/09\/Schlie\u00dftage.docx\">Schlie\u00dftage<\/a><a href=\"https:\/\/kinderbetreuung-neutraubling.de\/krabbelstube-am-see\/wp-content\/uploads\/sites\/8\/2021\/09\/Schlie\u00dftage.docx\" class=\"wp-block-file__button\" download>Herunterladen<\/a><\/div>\n\n\n\n<p><\/p>\n","protected":false},"excerpt":{"rendered":"<p>2 Gruppen, 22 Betreuungspl\u00e4tze Lage am Neutraublinger See mit sch\u00f6nem Garten und Spielm\u00f6glichkeiten im Freien \u00d6ffnungszeiten Montag bis Freitag 07:00 &#8211; 17:00 Uhr Schlie\u00dftage<\/p>\n","protected":false},"author":6,"featured_media":0,"parent":0,"menu_order":0,"comment_status":"closed","ping_status":"closed","template":"","meta":{"ocean_post_layout":"","ocean_both_sidebars_style":"","ocean_both_sidebars_content_width":0,"ocean_both_sidebars_sidebars_width":0,"ocean_sidebar":"0","ocean_second_sidebar":"0","ocean_disable_margins":"enable","ocean_add_body_class":"","ocean_shortcode_before_top_bar":"","ocean_shortcode_after_top_bar":"","ocean_shortcode_before_header":"","ocean_shortcode_after_header":"","ocean_has_shortcode":"","ocean_shortcode_after_title":"","ocean_shortcode_before_footer_widgets":"","ocean_shortcode_after_footer_widgets":"","ocean_shortcode_before_footer_bottom":"","ocean_shortcode_after_footer_bottom":"","ocean_display_top_bar":"default","ocean_display_header":"default","ocean_header_style":"","ocean_center_header_left_menu":"0","ocean_custom_header_template":"0","ocean_custom_logo":0,"ocean_custom_retina_logo":0,"ocean_custom_logo_max_width":0,"ocean_custom_logo_tablet_max_width":0,"ocean_custom_logo_mobile_max_width":0,"ocean_custom_logo_max_height":0,"ocean_custom_logo_tablet_max_height":0,"ocean_custom_logo_mobile_max_height":0,"ocean_header_custom_menu":"0","ocean_menu_typo_font_family":"0","ocean_menu_typo_font_subset":"","ocean_menu_typo_font_size":0,"ocean_menu_typo_font_size_tablet":0,"ocean_menu_typo_font_size_mobile":0,"ocean_menu_typo_font_size_unit":"px","ocean_menu_typo_font_weight":"","ocean_menu_typo_font_weight_tablet":"","ocean_menu_typo_font_weight_mobile":"","ocean_menu_typo_transform":"","ocean_menu_typo_transform_tablet":"","ocean_menu_typo_transform_mobile":"","ocean_menu_typo_line_height":0,"ocean_menu_typo_line_height_tablet":0,"ocean_menu_typo_line_height_mobile":0,"ocean_menu_typo_line_height_unit":"","ocean_menu_typo_spacing":0,"ocean_menu_typo_spacing_tablet":0,"ocean_menu_typo_spacing_mobile":0,"ocean_menu_typo_spacing_unit":"","ocean_menu_link_color":"","ocean_menu_link_color_hover":"","ocean_menu_link_color_active":"","ocean_menu_link_background":"","ocean_menu_link_hover_background":"","ocean_menu_link_active_background":"","ocean_menu_social_links_bg":"","ocean_menu_social_hover_links_bg":"","ocean_menu_social_links_color":"","ocean_menu_social_hover_links_color":"","ocean_disable_title":"default","ocean_disable_heading":"default","ocean_post_title":"","ocean_post_subheading":"","ocean_post_title_style":"","ocean_post_title_background_color":"","ocean_post_title_background":0,"ocean_post_title_bg_image_position":"","ocean_post_title_bg_image_attachment":"","ocean_post_title_bg_image_repeat":"","ocean_post_title_bg_image_size":"","ocean_post_title_height":0,"ocean_post_title_bg_overlay":0.5,"ocean_post_title_bg_overlay_color":"","ocean_disable_breadcrumbs":"default","ocean_breadcrumbs_color":"","ocean_breadcrumbs_separator_color":"","ocean_breadcrumbs_links_color":"","ocean_breadcrumbs_links_hover_color":"","ocean_display_footer_widgets":"default","ocean_display_footer_bottom":"default","ocean_custom_footer_template":"0"},"_links":{"self":[{"href":"https:\/\/kinderbetreuung-neutraubling.de\/krabbelstube-am-see\/wp-json\/wp\/v2\/pages\/72"}],"collection":[{"href":"https:\/\/kinderbetreuung-neutraubling.de\/krabbelstube-am-see\/wp-json\/wp\/v2\/pages"}],"about":[{"href":"https:\/\/kinderbetreuung-neutraubling.de\/krabbelstube-am-see\/wp-json\/wp\/v2\/types\/page"}],"author":[{"embeddable":true,"href":"https:\/\/kinderbetreuung-neutraubling.de\/krabbelstube-am-see\/wp-json\/wp\/v2\/users\/6"}],"replies":[{"embeddable":true,"href":"https:\/\/kinderbetreuung-neutraubling.de\/krabbelstube-am-see\/wp-json\/wp\/v2\/comments?post=72"}],"version-history":[{"count":7,"href":"https:\/\/kinderbetreuung-neutraubling.de\/krabbelstube-am-see\/wp-json\/wp\/v2\/pages\/72\/revisions"}],"predecessor-version":[{"id":228,"href":"https:\/\/kinderbetreuung-neutraubling.de\/krabbelstube-am-see\/wp-json\/wp\/v2\/pages\/72\/revisions\/228"}],"wp:attachment":[{"href":"https:\/\/kinderbetreuung-neutraubling.de\/krabbelstube-am-see\/wp-json\/wp\/v2\/media?parent=72"}],"curies":[{"name":"wp","href":"https:\/\/api.w.org\/{rel}","templated":true}]}}