{"id":122,"date":"2020-09-02T14:07:46","date_gmt":"2020-09-02T12:07:46","guid":{"rendered":"https:\/\/kinderbetreuung-neutraubling.de\/krabbelstube-am-see\/?page_id=122"},"modified":"2020-09-30T16:24:11","modified_gmt":"2020-09-30T14:24:11","slug":"das-team","status":"publish","type":"page","link":"https:\/\/kinderbetreuung-neutraubling.de\/krabbelstube-am-see\/das-team\/","title":{"rendered":"Das Team"},"content":{"rendered":"\n<div class=\"is-layout-flex wp-container-3 wp-block-columns\">\n<div class=\"is-layout-flow wp-block-column\" style=\"flex-basis:33.33%\">\n<figure class=\"wp-block-image size-large is-resized\"><img decoding=\"async\" loading=\"lazy\" src=\"https:\/\/kinderbetreuung-neutraubling.de\/krabbelstube-am-see\/wp-content\/uploads\/sites\/8\/2020\/08\/logo-krabbelstube.png\" alt=\"\" class=\"wp-image-87\" width=\"156\" height=\"163\" \/><\/figure>\n<\/div>\n\n\n\n<div class=\"is-layout-flow wp-block-column\" style=\"flex-basis:66.66%\">\n<h2>Susanne G\u00f6tz<\/h2>\n\n\n\n<p>Erzieherin und Gruppenleitung der Sonnengruppe, Leiterin der Krabbelstube<\/p>\n<\/div>\n<\/div>\n\n\n\n<div class=\"is-layout-flex wp-container-6 wp-block-columns\">\n<div class=\"is-layout-flow wp-block-column\" style=\"flex-basis:66.66%\">\n<h2>Ramona Moritz<\/h2>\n\n\n\n<p>Erzieherin und Gruppenleitung der Sternengruppe, Krippenp\u00e4dagogin,<\/p>\n\n\n\n<p><\/p>\n<\/div>\n\n\n\n<div class=\"is-layout-flow wp-block-column\" style=\"flex-basis:33.33%\">\n<figure class=\"wp-block-image size-large is-resized\"><img decoding=\"async\" loading=\"lazy\" src=\"https:\/\/kinderbetreuung-neutraubling.de\/krabbelstube-am-see\/wp-content\/uploads\/sites\/8\/2020\/08\/logo-krabbelstube.png\" alt=\"\" class=\"wp-image-87\" width=\"162\" height=\"171\" srcset=\"https:\/\/kinderbetreuung-neutraubling.de\/krabbelstube-am-see\/wp-content\/uploads\/sites\/8\/2020\/08\/logo-krabbelstube.png 343w, https:\/\/kinderbetreuung-neutraubling.de\/krabbelstube-am-see\/wp-content\/uploads\/sites\/8\/2020\/08\/logo-krabbelstube-283x300.png 283w\" sizes=\"(max-width: 162px) 100vw, 162px\" \/><\/figure>\n\n\n\n<p><\/p>\n<\/div>\n<\/div>\n\n\n\n<div class=\"is-layout-flex wp-container-9 wp-block-columns\">\n<div class=\"is-layout-flow wp-block-column\" style=\"flex-basis:33.33%\">\n<figure class=\"wp-block-image size-large is-resized\"><img decoding=\"async\" loading=\"lazy\" src=\"https:\/\/kinderbetreuung-neutraubling.de\/krabbelstube-am-see\/wp-content\/uploads\/sites\/8\/2020\/08\/logo-krabbelstube.png\" alt=\"\" class=\"wp-image-87\" width=\"142\" height=\"149\" \/><\/figure>\n\n\n\n<p><\/p>\n<\/div>\n\n\n\n<div class=\"is-layout-flow wp-block-column\" style=\"flex-basis:66.66%\">\n<h2>Renate Hubach<\/h2>\n\n\n\n<p>Erzieherin der Sternengruppe, Sozialp\u00e4dagogin<\/p>\n<\/div>\n<\/div>\n\n\n\n<div class=\"is-layout-flex wp-container-12 wp-block-columns\">\n<div class=\"is-layout-flow wp-block-column\" style=\"flex-basis:66.66%\">\n<h2>Seifert Angela<\/h2>\n\n\n\n<p>Kinderpflegerin der Sonnengruppe, Krippenp\u00e4dagogin<\/p>\n<\/div>\n\n\n\n<div class=\"is-layout-flow wp-block-column\" style=\"flex-basis:33.33%\">\n<figure class=\"wp-block-image size-large is-resized\"><img decoding=\"async\" loading=\"lazy\" src=\"https:\/\/kinderbetreuung-neutraubling.de\/krabbelstube-am-see\/wp-content\/uploads\/sites\/8\/2020\/08\/logo-krabbelstube.png\" alt=\"\" class=\"wp-image-87\" width=\"142\" height=\"151\" srcset=\"https:\/\/kinderbetreuung-neutraubling.de\/krabbelstube-am-see\/wp-content\/uploads\/sites\/8\/2020\/08\/logo-krabbelstube.png 343w, https:\/\/kinderbetreuung-neutraubling.de\/krabbelstube-am-see\/wp-content\/uploads\/sites\/8\/2020\/08\/logo-krabbelstube-283x300.png 283w\" sizes=\"(max-width: 142px) 100vw, 142px\" \/><\/figure>\n<\/div>\n<\/div>\n\n\n\n<div class=\"is-layout-flex wp-container-15 wp-block-columns\">\n<div class=\"is-layout-flow wp-block-column\" style=\"flex-basis:33.33%\">\n<figure class=\"wp-block-image size-large is-resized\"><img decoding=\"async\" loading=\"lazy\" src=\"https:\/\/kinderbetreuung-neutraubling.de\/krabbelstube-am-see\/wp-content\/uploads\/sites\/8\/2020\/08\/logo-krabbelstube.png\" alt=\"\" class=\"wp-image-87\" width=\"176\" height=\"185\" \/><\/figure>\n\n\n\n<p><\/p>\n<\/div>\n\n\n\n<div class=\"is-layout-flow wp-block-column\" style=\"flex-basis:66.66%\">\n<h2>Meike Delling<\/h2>\n\n\n\n<p>Kinderpflegerin der Sternengruppe, Musikp\u00e4dagogin<\/p>\n<\/div>\n<\/div>\n\n\n\n<div class=\"is-layout-flex wp-container-18 wp-block-columns\">\n<div class=\"is-layout-flow wp-block-column\" style=\"flex-basis:66.66%\">\n<h2>Julia Fanderl<\/h2>\n\n\n\n<p>Kinderpflegerin der Sonnengruppe<\/p>\n<\/div>\n\n\n\n<div class=\"is-layout-flow wp-block-column\" style=\"flex-basis:33.33%\">\n<figure class=\"wp-block-image size-large is-resized\"><img decoding=\"async\" loading=\"lazy\" src=\"https:\/\/kinderbetreuung-neutraubling.de\/krabbelstube-am-see\/wp-content\/uploads\/sites\/8\/2020\/08\/logo-krabbelstube.png\" alt=\"\" class=\"wp-image-87\" width=\"153\" height=\"163\" srcset=\"https:\/\/kinderbetreuung-neutraubling.de\/krabbelstube-am-see\/wp-content\/uploads\/sites\/8\/2020\/08\/logo-krabbelstube.png 343w, https:\/\/kinderbetreuung-neutraubling.de\/krabbelstube-am-see\/wp-content\/uploads\/sites\/8\/2020\/08\/logo-krabbelstube-283x300.png 283w\" sizes=\"(max-width: 153px) 100vw, 153px\" \/><\/figure>\n\n\n\n<p><\/p>\n<\/div>\n<\/div>\n\n\n\n<div class=\"is-layout-flex wp-container-21 wp-block-columns\">\n<div class=\"is-layout-flow wp-block-column\" style=\"flex-basis:33.33%\">\n<figure class=\"wp-block-image size-large is-resized\"><img decoding=\"async\" loading=\"lazy\" src=\"https:\/\/kinderbetreuung-neutraubling.de\/krabbelstube-am-see\/wp-content\/uploads\/sites\/8\/2020\/08\/logo-krabbelstube.png\" alt=\"\" class=\"wp-image-87\" width=\"190\" height=\"202\" srcset=\"https:\/\/kinderbetreuung-neutraubling.de\/krabbelstube-am-see\/wp-content\/uploads\/sites\/8\/2020\/08\/logo-krabbelstube.png 343w, https:\/\/kinderbetreuung-neutraubling.de\/krabbelstube-am-see\/wp-content\/uploads\/sites\/8\/2020\/08\/logo-krabbelstube-283x300.png 283w\" sizes=\"(max-width: 190px) 100vw, 190px\" \/><\/figure>\n\n\n\n<p><\/p>\n<\/div>\n\n\n\n<div class=\"is-layout-flow wp-block-column\" style=\"flex-basis:66.66%\">\n<h2>Pia Reuss<\/h2>\n\n\n\n<p>SPS Praktikantin (2.Ausbildungsjahr zur Erzieherin), Studierende an der Fachakademie f\u00fcr Sozialp\u00e4dagogik Regensburg,<\/p>\n<\/div>\n<\/div>\n\n\n\n<p><\/p>\n","protected":false},"excerpt":{"rendered":"<p>Susanne G\u00f6tz Erzieherin und Gruppenleitung der Sonnengruppe, Leiterin der Krabbelstube Ramona Moritz Erzieherin und Gruppenleitung der Sternengruppe, Krippenp\u00e4dagogin, Renate Hubach Erzieherin der Sternengruppe, Sozialp\u00e4dagogin Seifert Angela Kinderpflegerin der Sonnengruppe, Krippenp\u00e4dagogin Meike Delling Kinderpflegerin der Sternengruppe, Musikp\u00e4dagogin Julia Fanderl Kinderpflegerin der Sonnengruppe Pia Reuss SPS Praktikantin (2.Ausbildungsjahr zur Erzieherin), Studierende an der Fachakademie f\u00fcr Sozialp\u00e4dagogik Regensburg,<\/p>\n","protected":false},"author":6,"featured_media":0,"parent":0,"menu_order":0,"comment_status":"closed","ping_status":"closed","template":"","meta":{"ocean_post_layout":"","ocean_both_sidebars_style":"","ocean_both_sidebars_content_width":0,"ocean_both_sidebars_sidebars_width":0,"ocean_sidebar":"","ocean_second_sidebar":"","ocean_disable_margins":"enable","ocean_add_body_class":"","ocean_shortcode_before_top_bar":"","ocean_shortcode_after_top_bar":"","ocean_shortcode_before_header":"","ocean_shortcode_after_header":"","ocean_has_shortcode":"","ocean_shortcode_after_title":"","ocean_shortcode_before_footer_widgets":"","ocean_shortcode_after_footer_widgets":"","ocean_shortcode_before_footer_bottom":"","ocean_shortcode_after_footer_bottom":"","ocean_display_top_bar":"default","ocean_display_header":"default","ocean_header_style":"","ocean_center_header_left_menu":"","ocean_custom_header_template":"","ocean_custom_logo":0,"ocean_custom_retina_logo":0,"ocean_custom_logo_max_width":0,"ocean_custom_logo_tablet_max_width":0,"ocean_custom_logo_mobile_max_width":0,"ocean_custom_logo_max_height":0,"ocean_custom_logo_tablet_max_height":0,"ocean_custom_logo_mobile_max_height":0,"ocean_header_custom_menu":"","ocean_menu_typo_font_family":"","ocean_menu_typo_font_subset":"","ocean_menu_typo_font_size":0,"ocean_menu_typo_font_size_tablet":0,"ocean_menu_typo_font_size_mobile":0,"ocean_menu_typo_font_size_unit":"px","ocean_menu_typo_font_weight":"","ocean_menu_typo_font_weight_tablet":"","ocean_menu_typo_font_weight_mobile":"","ocean_menu_typo_transform":"","ocean_menu_typo_transform_tablet":"","ocean_menu_typo_transform_mobile":"","ocean_menu_typo_line_height":0,"ocean_menu_typo_line_height_tablet":0,"ocean_menu_typo_line_height_mobile":0,"ocean_menu_typo_line_height_unit":"","ocean_menu_typo_spacing":0,"ocean_menu_typo_spacing_tablet":0,"ocean_menu_typo_spacing_mobile":0,"ocean_menu_typo_spacing_unit":"","ocean_menu_link_color":"","ocean_menu_link_color_hover":"","ocean_menu_link_color_active":"","ocean_menu_link_background":"","ocean_menu_link_hover_background":"","ocean_menu_link_active_background":"","ocean_menu_social_links_bg":"","ocean_menu_social_hover_links_bg":"","ocean_menu_social_links_color":"","ocean_menu_social_hover_links_color":"","ocean_disable_title":"default","ocean_disable_heading":"default","ocean_post_title":"","ocean_post_subheading":"","ocean_post_title_style":"","ocean_post_title_background_color":"","ocean_post_title_background":0,"ocean_post_title_bg_image_position":"","ocean_post_title_bg_image_attachment":"","ocean_post_title_bg_image_repeat":"","ocean_post_title_bg_image_size":"","ocean_post_title_height":0,"ocean_post_title_bg_overlay":0.5,"ocean_post_title_bg_overlay_color":"","ocean_disable_breadcrumbs":"default","ocean_breadcrumbs_color":"","ocean_breadcrumbs_separator_color":"","ocean_breadcrumbs_links_color":"","ocean_breadcrumbs_links_hover_color":"","ocean_display_footer_widgets":"default","ocean_display_footer_bottom":"default","ocean_custom_footer_template":""},"_links":{"self":[{"href":"https:\/\/kinderbetreuung-neutraubling.de\/krabbelstube-am-see\/wp-json\/wp\/v2\/pages\/122"}],"collection":[{"href":"https:\/\/kinderbetreuung-neutraubling.de\/krabbelstube-am-see\/wp-json\/wp\/v2\/pages"}],"about":[{"href":"https:\/\/kinderbetreuung-neutraubling.de\/krabbelstube-am-see\/wp-json\/wp\/v2\/types\/page"}],"author":[{"embeddable":true,"href":"https:\/\/kinderbetreuung-neutraubling.de\/krabbelstube-am-see\/wp-json\/wp\/v2\/users\/6"}],"replies":[{"embeddable":true,"href":"https:\/\/kinderbetreuung-neutraubling.de\/krabbelstube-am-see\/wp-json\/wp\/v2\/comments?post=122"}],"version-history":[{"count":8,"href":"https:\/\/kinderbetreuung-neutraubling.de\/krabbelstube-am-see\/wp-json\/wp\/v2\/pages\/122\/revisions"}],"predecessor-version":[{"id":170,"href":"https:\/\/kinderbetreuung-neutraubling.de\/krabbelstube-am-see\/wp-json\/wp\/v2\/pages\/122\/revisions\/170"}],"wp:attachment":[{"href":"https:\/\/kinderbetreuung-neutraubling.de\/krabbelstube-am-see\/wp-json\/wp\/v2\/media?parent=122"}],"curies":[{"name":"wp","href":"https:\/\/api.w.org\/{rel}","templated":true}]}}