{"id":316,"date":"2021-04-22T08:17:22","date_gmt":"2021-04-22T06:17:22","guid":{"rendered":"https:\/\/kinderbetreuung-neutraubling.de\/kindergarten-maerchenhaus\/?page_id=316"},"modified":"2021-05-19T07:10:59","modified_gmt":"2021-05-19T05:10:59","slug":"eingewoehnung","status":"publish","type":"page","link":"https:\/\/kinderbetreuung-neutraubling.de\/kindergarten-maerchenhaus\/eingewoehnung\/","title":{"rendered":"Eingew\u00f6hnung"},"content":{"rendered":"\n<h2>Eingew\u00f6hnung Krippe<\/h2>\n\n\n\n<figure class=\"wp-block-image size-large is-resized\"><img decoding=\"async\" loading=\"lazy\" src=\"https:\/\/kinderbetreuung-neutraubling.de\/kindergarten-maerchenhaus\/wp-content\/uploads\/sites\/12\/2021\/05\/M\u00e4rchenhaus-neu-2-2-788x1024.jpg\" alt=\"\" class=\"wp-image-338\" width=\"240\" height=\"311\" srcset=\"https:\/\/kinderbetreuung-neutraubling.de\/kindergarten-maerchenhaus\/wp-content\/uploads\/sites\/12\/2021\/05\/M\u00e4rchenhaus-neu-2-2-788x1024.jpg 788w, https:\/\/kinderbetreuung-neutraubling.de\/kindergarten-maerchenhaus\/wp-content\/uploads\/sites\/12\/2021\/05\/M\u00e4rchenhaus-neu-2-2-231x300.jpg 231w, https:\/\/kinderbetreuung-neutraubling.de\/kindergarten-maerchenhaus\/wp-content\/uploads\/sites\/12\/2021\/05\/M\u00e4rchenhaus-neu-2-2-768x998.jpg 768w, https:\/\/kinderbetreuung-neutraubling.de\/kindergarten-maerchenhaus\/wp-content\/uploads\/sites\/12\/2021\/05\/M\u00e4rchenhaus-neu-2-2.jpg 1000w\" sizes=\"(max-width: 240px) 100vw, 240px\" \/><\/figure>\n\n\n\n<p>Die Eingew\u00f6hnungszeit hat in unserm Haus einen hohen Stellenwert. Mit der Eingew\u00f6hnung in die Krippe beginnt f\u00fcr Ihr Kind ein neuer Lebensabschnitt und der Tagesablauf Ihres Kindes gestaltet sich nun anderweitig. Das sind viele Ver\u00e4nderungen auf einmal und es ist immer wieder aufs Neue spannend, die Kinder auf ihrem Weg zu begleiten. In der Eingew\u00f6hnung liegt der Fokus vor allem auf dem Aufbau von Vertrauen. Auch \u00fcber die Eingew\u00f6hnung hinaus begleiten wir die Kinder in ihrer Entwicklung. Unser Team besteht aus unterschiedlichen Menschentypen, die sich sehr professionell und herzlich um Ihre Kinder bem\u00fchen.<\/p>\n\n\n\n<p>F\u00fcr Sie als Eltern bedeutet die Trennung genauso viel Herausforderung, wie f\u00fcr Ihre Kinder. Auch Sie als Eltern sind sehr aufgeregt, und das ist auch in Ordnung. Wichtig f\u00fcr die Eingew\u00f6hnung ist Ruhe und Kontinuit\u00e4t. Am Anfang einer jeden Eingew\u00f6hnung steht der Vertrauensaufbau im Vordergrund. Wir nehmen uns deshalb besonders viel Zeit f\u00fcr sie und Ihr Kind. Je entspannter Sie an die Sache herangehen, desto entspannter sind auch die Kinder. Eine Erziehungspartnerschaft zwischen Eltern und dem M\u00e4rchenhaus wird stets angestrebt.<strong><\/strong><\/p>\n\n\n\n<p>Jedes Kind ist anders und deshalb gehen wir in seiner Eingew\u00f6hnung individuell mit ihm um. Wir gehen von einer Eingew\u00f6hnungszeit von ca. 2-3 Wochen aus, bis sich das Kind vollst\u00e4ndig eingew\u00f6hnt hat.<\/p>\n\n\n\n<p>Eine Begleitung durch immer derselben Bezugsperson ist f\u00fcr den Erfolg der Eingew\u00f6hnung besonders wichtig und dient als sicherer Hafen f\u00fcr Ihr Kind. Die ersten Tage verbringt die Bezugsperson zusammen mit dem Kind eine Stunde in der Einrichtung. Danach findet eine kurzzeitige Trennung von 15-30 Minuten statt. Je nach Kind, wird in den darauffolgenden Tagen dann individuell gehandelt und die Trennungszeit, auf Ihr Kind abgestimmt, gesteigert. Verhalten Sie sich w\u00e4hrend der Eingew\u00f6hnungszeit eher passiv. Halten Sie Blickkontakt mit Ihrem Kind und beobachten Sie es aufmerksam. Ihr Kind darf jeder Zeit zu Ihnen kommen. Geben Sie Ihrem Kind Zeit, selbst zu entscheiden, wann es Kontakt zur Gruppe und zur neuen Umgebung aufnehmen m\u00f6chte.<\/p>\n\n\n\n<p>Sollten mehrere Kinder an einem Tag eingew\u00f6hnt werden, finden diese gestaffelt statt.<\/p>\n\n\n\n<p>Bitte seien Sie w\u00e4hrend der Eingew\u00f6hnungszeit stets erreichbar. Eine erfolgreiche Eingew\u00f6hnung ist f\u00fcr den weiteren Kita-Verlauf besonders wichtig.<\/p>\n\n\n\n<ul><li>Bitte geben Sie Ihrem Kind etwas Vertrautes von zu Hause mit (Kuscheltier, Schmusetuch o.\u00e4.), das gibt dem Kind Geborgenheit.<\/li><li>Nehmen Sie sich die ersten Tage (bei manchen auch Wochen) Zeit und begleiten Sie Ihr Kind in den ersten Schritten.<\/li><li>Das p\u00e4dagogische Personal wird Sie und Ihr Kind in der Eingew\u00f6hnungsphase begleiten und unterst\u00fctzen.<\/li><li>Die individuelle Dauer der Eingew\u00f6hnung wird durch Beobachtung des Personals, speziell auf Ihr Kind, schrittweise ausgeweitet.<\/li><li>Bei Fragen und Unsicherheiten d\u00fcrfen sie sich gerne an das zust\u00e4ndige Gruppenpersonal wenden.<\/li><li>Sind sie sich unsicher, ob es dem Kind gut geht, rufen Sie uns an. Wir sind gerne bereit \u00fcber das Befinden des Kindes Auskunft zu geben.<\/li><\/ul>\n\n\n\n<!--nextpage-->\n\n\n\n<p><\/p>\n\n\n\n<h2><strong>Eingew\u00f6hnung Kindergarten<\/strong><\/h2>\n\n\n\n<figure class=\"wp-block-image size-large is-resized\"><img decoding=\"async\" loading=\"lazy\" src=\"https:\/\/kinderbetreuung-neutraubling.de\/kindergarten-maerchenhaus\/wp-content\/uploads\/sites\/12\/2021\/05\/M\u00e4rchenhaus-neu-2-3-788x1024.jpg\" alt=\"Dieses Bild hat ein leeres Alt-Attribut. Der Dateiname ist Bild-M\u00e4rchenhaus-Homepage-2-787x1024.jpg\" class=\"wp-image-340\" width=\"264\" height=\"342\" \/><\/figure>\n\n\n\n<p>Mit der Eingew\u00f6hnung in den Kindergarten beginnt f\u00fcr Ihr Kind ein neuer Lebensabschnitt. Die Kleinen sind nun Kindergartenkinder und somit gestaltet sich ihr Tagessablauf anderweitig. Das sind viele Ver\u00e4nderungen auf einmal und es ist immer wieder aufs Neue spannend, die Kinder auf ihrem Weg zu begleiten. In der Eingew\u00f6hnung liegt der Fokus vor allem auf dem Aufbau von Vertrauen. Auch \u00fcber die Eingew\u00f6hnung hinaus begleiten wir die Kinder in ihrer Entwicklung. Unser Team besteht aus unterschiedlichen Menschentypen, die sich sehr professionell und herzlich um ihre Kinder bem\u00fchen.<\/p>\n\n\n\n<p><strong><br><\/strong>F\u00fcr Sie als Eltern bedeutet die Trennung genauso viel Herausforderung, wie f\u00fcr Ihre Kinder. Auch Sie als Eltern sind sehr aufgeregt, und das ist auch in Ordnung. Wichtig f\u00fcr die Eingew\u00f6hnung ist Ruhe und Kontinuit\u00e4t. Am Anfang einer jeden Eingew\u00f6hnung steht der Vertrauensaufbau zum Kind im Vordergrund. Wir nehmen uns deshalb besonders viel Zeit f\u00fcr Ihr Kind. Je entspannter Sie an die Sache herangehen, desto entspannter sind auch die Kinder.<strong><\/strong><\/p>\n\n\n\n<p>Eine Erziehungspartnerschaft zwischen Eltern und Kindergarten wird stets angestrebt.<\/p>\n\n\n\n<p>Jedes Kind ist anders und deshalb gehen wir in seiner Eingew\u00f6hnung individuell mit ihm um. Wie schnell eine Eingew\u00f6hnung abl\u00e4uft, ist auch davon abh\u00e4ngig, wieviel Zeit das Kind im Kindergarten verbringen soll. Geben Sie dem Kind Zeit Vertrauen zum Personal und anderen Kindern aufzubauen, eine neue Umgebung und einen neuen Tagesablauf kennenzulernen.<\/p>\n\n\n\n<ul type=\"A\"><li>Am ersten Kindergartentag gehen Sie mit Ihrem Kind in die jeweilige Gruppe.<\/li><li>Geben Sie dem Kind etwas Vertrautes von zu Hause mit (Kuscheltier, Schmusetuch o.\u00e4.), das gibt dem Kind Geborgenheit.<\/li><li>Nehmen Sie sich die ersten Tage (bei manchen Kindern auch Wochen) Zeit und begleiten Sie Ihr Kind in den ersten Schritten.<\/li><li>Das p\u00e4dagogische Personal wird Sie und Ihr Kind in der Eingew\u00f6hnungsphase begleiten und unterst\u00fctzen.<\/li><li>Je nach den Reaktionen vom Kind und in Absprache mit dem p\u00e4dagogischen Personal verabschieden Sie sich. Am ersten Kindergartentag sind die Kinder f\u00fcr lediglich zwei Stunden in der Einrichtung.<\/li><li>Die individuelle Dauer des Aufenthaltes wird, durch Beobachtung des Personals, speziell auf das Kind, schrittweise, ausgeweitet.<\/li><li>Zu jeder Zeit muss man telefonisch erreichbar sein!<\/li><li>Bei Fragen und Unsicherheiten d\u00fcrfen Sie sich gerne an das zust\u00e4ndige Gruppenpersonal wenden.<\/li><li>Sind Sie sich unsicher, ob es dem Kind gut geht, rufen Sie uns an. Wir sind gerne bereit, \u00fcber das Befinden des Kindes Auskunft zu geben.<\/li><\/ul>\n","protected":false},"excerpt":{"rendered":"<p>Eingew\u00f6hnung Krippe Die Eingew\u00f6hnungszeit hat in unserm Haus einen hohen Stellenwert. Mit der Eingew\u00f6hnung in die Krippe beginnt f\u00fcr Ihr Kind ein neuer Lebensabschnitt und der Tagesablauf Ihres Kindes gestaltet sich nun anderweitig. Das sind viele Ver\u00e4nderungen auf einmal und es ist immer wieder aufs Neue spannend, die Kinder auf ihrem Weg zu begleiten. In [&hellip;]<\/p>\n","protected":false},"author":9,"featured_media":0,"parent":0,"menu_order":0,"comment_status":"closed","ping_status":"closed","template":"","meta":{"ocean_post_layout":"","ocean_both_sidebars_style":"","ocean_both_sidebars_content_width":0,"ocean_both_sidebars_sidebars_width":0,"ocean_sidebar":"","ocean_second_sidebar":"","ocean_disable_margins":"enable","ocean_add_body_class":"","ocean_shortcode_before_top_bar":"","ocean_shortcode_after_top_bar":"","ocean_shortcode_before_header":"","ocean_shortcode_after_header":"","ocean_has_shortcode":"","ocean_shortcode_after_title":"","ocean_shortcode_before_footer_widgets":"","ocean_shortcode_after_footer_widgets":"","ocean_shortcode_before_footer_bottom":"","ocean_shortcode_after_footer_bottom":"","ocean_display_top_bar":"default","ocean_display_header":"default","ocean_header_style":"","ocean_center_header_left_menu":"","ocean_custom_header_template":"","ocean_custom_logo":0,"ocean_custom_retina_logo":0,"ocean_custom_logo_max_width":0,"ocean_custom_logo_tablet_max_width":0,"ocean_custom_logo_mobile_max_width":0,"ocean_custom_logo_max_height":0,"ocean_custom_logo_tablet_max_height":0,"ocean_custom_logo_mobile_max_height":0,"ocean_header_custom_menu":"","ocean_menu_typo_font_family":"","ocean_menu_typo_font_subset":"","ocean_menu_typo_font_size":0,"ocean_menu_typo_font_size_tablet":0,"ocean_menu_typo_font_size_mobile":0,"ocean_menu_typo_font_size_unit":"px","ocean_menu_typo_font_weight":"","ocean_menu_typo_font_weight_tablet":"","ocean_menu_typo_font_weight_mobile":"","ocean_menu_typo_transform":"","ocean_menu_typo_transform_tablet":"","ocean_menu_typo_transform_mobile":"","ocean_menu_typo_line_height":0,"ocean_menu_typo_line_height_tablet":0,"ocean_menu_typo_line_height_mobile":0,"ocean_menu_typo_line_height_unit":"","ocean_menu_typo_spacing":0,"ocean_menu_typo_spacing_tablet":0,"ocean_menu_typo_spacing_mobile":0,"ocean_menu_typo_spacing_unit":"","ocean_menu_link_color":"","ocean_menu_link_color_hover":"","ocean_menu_link_color_active":"","ocean_menu_link_background":"","ocean_menu_link_hover_background":"","ocean_menu_link_active_background":"","ocean_menu_social_links_bg":"","ocean_menu_social_hover_links_bg":"","ocean_menu_social_links_color":"","ocean_menu_social_hover_links_color":"","ocean_disable_title":"default","ocean_disable_heading":"default","ocean_post_title":"","ocean_post_subheading":"","ocean_post_title_style":"","ocean_post_title_background_color":"","ocean_post_title_background":0,"ocean_post_title_bg_image_position":"","ocean_post_title_bg_image_attachment":"","ocean_post_title_bg_image_repeat":"","ocean_post_title_bg_image_size":"","ocean_post_title_height":0,"ocean_post_title_bg_overlay":0.5,"ocean_post_title_bg_overlay_color":"","ocean_disable_breadcrumbs":"default","ocean_breadcrumbs_color":"","ocean_breadcrumbs_separator_color":"","ocean_breadcrumbs_links_color":"","ocean_breadcrumbs_links_hover_color":"","ocean_display_footer_widgets":"default","ocean_display_footer_bottom":"default","ocean_custom_footer_template":""},"_links":{"self":[{"href":"https:\/\/kinderbetreuung-neutraubling.de\/kindergarten-maerchenhaus\/wp-json\/wp\/v2\/pages\/316"}],"collection":[{"href":"https:\/\/kinderbetreuung-neutraubling.de\/kindergarten-maerchenhaus\/wp-json\/wp\/v2\/pages"}],"about":[{"href":"https:\/\/kinderbetreuung-neutraubling.de\/kindergarten-maerchenhaus\/wp-json\/wp\/v2\/types\/page"}],"author":[{"embeddable":true,"href":"https:\/\/kinderbetreuung-neutraubling.de\/kindergarten-maerchenhaus\/wp-json\/wp\/v2\/users\/9"}],"replies":[{"embeddable":true,"href":"https:\/\/kinderbetreuung-neutraubling.de\/kindergarten-maerchenhaus\/wp-json\/wp\/v2\/comments?post=316"}],"version-history":[{"count":3,"href":"https:\/\/kinderbetreuung-neutraubling.de\/kindergarten-maerchenhaus\/wp-json\/wp\/v2\/pages\/316\/revisions"}],"predecessor-version":[{"id":341,"href":"https:\/\/kinderbetreuung-neutraubling.de\/kindergarten-maerchenhaus\/wp-json\/wp\/v2\/pages\/316\/revisions\/341"}],"wp:attachment":[{"href":"https:\/\/kinderbetreuung-neutraubling.de\/kindergarten-maerchenhaus\/wp-json\/wp\/v2\/media?parent=316"}],"curies":[{"name":"wp","href":"https:\/\/api.w.org\/{rel}","templated":true}]}}