{"id":3,"date":"2020-05-16T09:52:41","date_gmt":"2020-05-16T07:52:41","guid":{"rendered":"https:\/\/staging2.smorra.de\/kindergarten-heising\/?page_id=3"},"modified":"2020-06-14T19:28:56","modified_gmt":"2020-06-14T17:28:56","slug":"datenschutzerklaerung","status":"publish","type":"page","link":"https:\/\/kinderbetreuung-neutraubling.de\/kindergarten-heising\/datenschutzerklaerung\/","title":{"rendered":"Datenschutzerkl\u00e4rung"},"content":{"rendered":"\n<p><strong>Name und Kontaktdaten des Verantwortlichen<\/strong><\/p>\n\n\n\n<p>Verantwortlich f\u00fcr die Datenerhebung ist:<\/p>\n\n\n\n<p>Stadt Neutraubling&nbsp;<\/p>\n\n\n\n<p>Regensburger Stra\u00dfe 9&nbsp;<\/p>\n\n\n\n<p>93073 Neutraubling&nbsp;<\/p>\n\n\n\n<p>Telefon: 09401\/800-0&nbsp;<\/p>\n\n\n\n<p>Telefax: 09401\/800-66&nbsp;<\/p>\n\n\n\n<p>E-Mail:&nbsp;info@stadt-neutraubling.de&nbsp;&nbsp;<\/p>\n\n\n\n<hr class=\"wp-block-separator\"\/>\n\n\n\n<p><strong>Kontaktdaten der Datenschutzbeauftragten<\/strong><\/p>\n\n\n\n<p>Sie erreichen unsere beh\u00f6rdliche Datenschutzbeauftragte unter:<\/p>\n\n\n\n<p>Landratsamt Regensburg<\/p>\n\n\n\n<p>Beh\u00f6rdliche Datenschutzbeauftragte<\/p>\n\n\n\n<p>Altm\u00fchlstra\u00dfe 3<\/p>\n\n\n\n<p>93059 Regensburg<\/p>\n\n\n\n<p>E-Mail-Adresse: datenschutz@landratsamt-regensburg.de<\/p>\n\n\n\n<p>Telefonnummer: 0941 4009-262<\/p>\n\n\n\n<hr class=\"wp-block-separator\"\/>\n\n\n\n<p><strong>Zwecke und Rechtsgrundlagen der Datenverarbeitung<\/strong><\/p>\n\n\n\n<p>Zweck der Verarbeitung ist die Erf\u00fcllung der uns vom Gesetzgeber zugewiesenen \u00f6ffentlichen Aufgaben, insbesondere der Information der \u00d6ffentlichkeit.<\/p>\n\n\n\n<p>Die Rechtsgrundlage f\u00fcr die Verarbeitung Ihrer Daten ergibt sich, soweit nichts anderes angegeben ist, aus Art. 4 Abs. 1 des Bayerischen Datenschutzgesetzes (BayDSG) in Verbindung mit Art. 6 Abs. 1 UAbs. 1 Buchst. e der Datenschutzgrundverordnung (DSGVO). Demnach ist es uns erlaubt, die zur Erf\u00fcllung einer uns obliegenden Aufgabe erforderlichen Daten zu verarbeiten.<\/p>\n\n\n\n<hr class=\"wp-block-separator\"\/>\n\n\n\n<p><strong>Empf\u00e4nger von personenbezogenen Daten<\/strong><\/p>\n\n\n\n<p>Gegebenenfalls werden Ihre Daten an die zust\u00e4ndigen Aufsichts- und Rechnungspr\u00fcfungsbeh\u00f6rden zur Wahrnehmung der jeweiligen Kontrollrechte \u00fcbermittelt.<\/p>\n\n\n\n<p>Zur Abwehr von Gefahren f\u00fcr die Sicherheit in der Informationstechnik k\u00f6nnen bei elektronischer \u00dcbermittlung Daten an das Landesamt f\u00fcr Sicherheit in der Informationstechnik weitergeleitet werden und dort auf Grundlage der Art. 12 ff. des Bayerischen E-Government-Gesetzes verarbeitet werden.<\/p>\n\n\n\n<hr class=\"wp-block-separator\"\/>\n\n\n\n<p><strong>Dauer der Speicherung der personenbezogenen Daten<\/strong><\/p>\n\n\n\n<p>Ihre Daten werden nur so lange gespeichert, wie dies unter Beachtung gesetzlicher Aufbewahrungsfristen zur Aufgabenerf\u00fcllung erforderlich ist.<\/p>\n\n\n\n<hr class=\"wp-block-separator\"\/>\n\n\n\n<p><strong>Ihre Rechte<\/strong><\/p>\n\n\n\n<p>Soweit wir von Ihnen personenbezogene Daten verarbeiten, stehen Ihnen als Betroffener nachfolgende Rechte zu:<\/p>\n\n\n\n<p>Sie haben das Recht auf Auskunft \u00fcber die zu Ihrer Person gespeicherten Daten (Art. 15 DSGVO).<br>Sollten unrichtige personenbezogene Daten verarbeitet werden, steht Ihnen ein Recht auf Berichtigung zu (Art. 16 DSGVO).<br>Liegen die gesetzlichen Voraussetzungen vor, so k\u00f6nnen Sie die L\u00f6schung oder Einschr\u00e4nkung der Verarbeitung verlangen (Art. 17 und 18 DSGVO).<br>Wenn Sie in die Verarbeitung eingewilligt haben oder ein Vertrag zur Datenverarbeitung besteht und die Datenverarbeitung mithilfe automatisierter Verfahren durchgef\u00fchrt wird, steht Ihnen gegebenenfalls ein Recht auf Daten\u00fcbertragbarkeit zu (Art. 20 DSGVO).<br>Falls Sie in die Verarbeitung eingewilligt haben und die Verarbeitung auf dieser Einwilligung beruht, k\u00f6nnen Sie die Einwilligung jederzeit f\u00fcr die Zukunft widerrufen. Die Rechtm\u00e4\u00dfigkeit der aufgrund der Einwilligung bis zum Widerruf erfolgten Datenverarbeitung wird durch diesen nicht ber\u00fchrt.&nbsp;<\/p>\n\n\n\n<p>Sie haben das Recht, aus Gr\u00fcnden, die sich aus Ihrer besonderen Situation ergeben, jederzeit gegen die Verarbeitung Ihrer Daten Widerspruch einzulegen, wenn die Verarbeitung ausschlie\u00dflich auf Grundlage des Art. 6 Abs. 1 Buchst. e oder f DSGVO erfolgt (Art. 21 Abs. 1 Satz 1 DSGVO).<\/p>\n\n\n\n<hr class=\"wp-block-separator\"\/>\n\n\n\n<p><strong>Beschwerderecht bei der Aufsichtsbeh\u00f6rde<\/strong><\/p>\n\n\n\n<p>Weiterhin besteht ein Beschwerderecht beim Bayerischen Landesbeauftragten f\u00fcr den Datenschutz. Diesen k\u00f6nnen Sie unter folgenden Kontaktdaten erreichen:<\/p>\n\n\n\n<p>Postanschrift: Postfach 22 12 19, 80502 M\u00fcnchen&nbsp;<\/p>\n\n\n\n<p>Adresse:&nbsp; Wagm\u00fcllerstra\u00dfe 18, 80538 M\u00fcnchen&nbsp;<\/p>\n\n\n\n<p>Telefon:&nbsp;&nbsp; 089 212672-0&nbsp;<\/p>\n\n\n\n<p>Telefax:&nbsp;&nbsp; 089 212672-50&nbsp;<\/p>\n\n\n\n<p>E-Mail:&nbsp;&nbsp;&nbsp;&nbsp; poststelle@datenschutz-bayern.de<\/p>\n\n\n\n<p>Internet:&nbsp;&nbsp; <a href=\"https:\/\/www.datenschutz-bayern.de\/\">https:\/\/www.datenschutz-bayern.de\/<\/a><\/p>\n\n\n\n<hr class=\"wp-block-separator\"\/>\n\n\n\n<p><strong>Weitere Informationen<\/strong><\/p>\n\n\n\n<p>F\u00fcr n\u00e4here Informationen zur Verarbeitung Ihrer Daten und zu Ihren Rechten k\u00f6nnen Sie uns unter den oben genannten Kontaktdaten erreichen.<\/p>\n\n\n\n<hr class=\"wp-block-separator\"\/>\n\n\n\n<p><strong>Informationen zum Internetauftritt<\/strong><\/p>\n\n\n\n<p><strong>Technische Umsetzung<\/strong><\/p>\n\n\n\n<p>Unser Webserver wird durch das Landratsamt Regensburg im Rahmen des Kommunalen Beh\u00f6rdennetzes (KomBN) betrieben.<\/p>\n\n\n\n<p><strong>Protokollierung<\/strong><\/p>\n\n\n\n<p>Wenn Sie diese oder andere Internetseiten aufrufen, \u00fcbermitteln Sie \u00fcber Ihren Internetbrowser Daten an unseren Webserver. Die folgenden Daten werden w\u00e4hrend einer laufenden Verbindung zur Kommunikation zwischen Ihrem Internetbrowser und unserem Webserver aufgezeichnet:<\/p>\n\n\n\n<p>&#8211; Datum und Uhrzeit der Anforderung<\/p>\n\n\n\n<p>&#8211; Name der angeforderten Datei<\/p>\n\n\n\n<p>&#8211; Seite, von der aus die Datei angefordert wurde<\/p>\n\n\n\n<p>&#8211; Zugriffsstatus (Datei \u00fcbertragen, Datei nicht gefunden, etc.)<\/p>\n\n\n\n<p>&#8211; verwendete Webbrowser und verwendetes Betriebssystem<\/p>\n\n\n\n<p>&#8211; vollst\u00e4ndige IP-Adresse des anfordernden Rechners<\/p>\n\n\n\n<p>&#8211; \u00fcbertragene Datenmenge.<\/p>\n\n\n\n<p>Aus Gr\u00fcnden der technischen Sicherheit, insbesondere zur Abwehr von Angriffsversuchen auf unseren Webserver, werden diese Daten von uns gespeichert. Nach sp\u00e4testens sieben Tagen werden die Daten durch Verk\u00fcrzung der IP-Adresse auf Domain-Ebene anonymisiert, so dass es nicht mehr m\u00f6glich ist, einen Bezug auf einzelne Nutzer herzustellen. Die Daten werden ausschlie\u00dflich zu diesem Zweck und in anonymisierter Form zu statistischen Zwecken verarbeitet; ein Abgleich mit anderen Datenbest\u00e4nden oder eine Weitergabe an Dritte, auch in Ausz\u00fcgen, findet nicht statt.<\/p>\n\n\n\n<p><strong>Cookies<\/strong><\/p>\n\n\n\n<p>Beim Zugriff auf unsere Webseite &nbsp;werden von uns Cookies (kleine Dateien) auf Ihrer Festplatte gespeichert, die f\u00fcr die Dauer Ihres Besuches auf der Internetseite g\u00fcltig sind. Wir verwenden diese ausschlie\u00dflich dazu, Sie w\u00e4hrend Ihres Besuchs unserer Internetseite zu identifizieren. Die meisten Browser sind so eingestellt, dass sie die Verwendung von Cookies akzeptieren, diese Funktion kann aber durch die Einstellung des Internetbrowsers von Ihnen f\u00fcr die laufende Sitzung oder dauerhaft abgeschaltet werden. Nach Ende Ihres Besuches werden diese Cookies automatisch wieder von Ihrer Festplatte gel\u00f6scht.<\/p>\n\n\n\n<p><strong>Aktive Komponenten<\/strong><\/p>\n\n\n\n<p>Auf unserer Webseite werden aktive Komponenten wie Javascript, Java-Applets oder Active-X-Controls verwendet. Diese Funktion kann durch die Einstellung Ihres Internetbrowsers von Ihnen abgeschaltet werden.<\/p>\n\n\n\n<p><strong>Einbindung von YouTube-Videos<\/strong><\/p>\n\n\n\n<p>Auf unserer Webseite sind Videos der externen Videoplattform YouTube eingebunden. Standardm\u00e4\u00dfig werden dabei lediglich deaktivierte Bilder des YouTube-Kanals eingebettet, die keine automatisierte Verbindung mit den Servern von YouTube herstellen. Damit erh\u00e4lt der Betreiber beim Aufruf der Webseiten keine Daten vom Benutzer.<\/p>\n\n\n\n<p>Sie k\u00f6nnen selbst entscheiden, ob die YouTube-Videos aktiviert werden sollen. Erst wenn Sie das Abspielen der Videos mit Klick auf \u201eDauerhafte Aktivierung\u201c freigeben, erteilen Sie die Einwilligung, dass die daf\u00fcr erforderlichen Daten (unter anderem die Internetadresse der aktuellen Seite sowie die IP-Adresse des Anwenders) an den Betreiber \u00fcbermittelt werden.<\/p>\n\n\n\n<p>Um die vom Nutzer gew\u00fcnschte Einstellung zu speichern, wird von uns ein Cookie gesetzt, das die Parameter abspeichert. Beim Setzen dieser Cookies werden von uns allerdings keine personenbezogenen Daten gespeichert, sie enthalten lediglich anonymisierte Daten zur Anpassung des Browsers. Anschlie\u00dfend sind die Videos aktiv und k\u00f6nnen vom Nutzer abgespielt werden. M\u00f6chten Sie das automatische Laden der YouTube-Videos wieder deaktivieren, k\u00f6nnen Sie unter dem Datenschutz-Symbol das H\u00e4kchen f\u00fcr die Zustimmung wieder entfernen. Damit werden auch die Einstellungen des Cookies aktualisiert.<\/p>\n\n\n\n<p>YouTube ist ein Angebot von YouTube LLC, 901 Cherry Ave., San Bruno, CA 94066, USA, einem Tochterunternehmen von Google Ireland Limited, Gordon House, Barrow Street, Dublin 4, Ireland. Weitere Informationen zu Zweck und Umfang der Datenverarbeitung (auch au\u00dferhalb der Europ\u00e4ischen Union und au\u00dferhalb der USA) sowie Informationen zu Einstellungsm\u00f6glichkeiten zum Schutz Ihrer Privatsph\u00e4re erhalten Sie in der Datenschutzerkl\u00e4rung: https:\/\/policies.google.com\/privacy?hl=de&amp;gl=de. Google verarbeitet Ihre personenbezogenen Daten unter anderem in den USA und hat sich insofern dem EU-US Privacy Shield unterworfen.<\/p>\n\n\n\n<p><strong>Auswertung des Nutzerverhaltens (Webtracking-Systeme; Reichweitenmessung)<\/strong>&nbsp;<\/p>\n\n\n\n<p><strong>etracker<\/strong><\/p>\n\n\n\n<p>Wir verwenden auf dieser Webseite Dienste der etracker GmbH aus Hamburg, Deutschland (<a href=\"https:\/\/www.etracker.com\/\" target=\"_blank\" rel=\"noreferrer noopener\">www.etracker.com<\/a>) zur Analyse von Nutzungsdaten. Es werden dabei Cookies eingesetzt, die eine statistische Analyse der Nutzung dieser Website durch ihre Besucher sowie die Anzeige nutzungsbezogener Inhalte oder Werbung erm\u00f6glichen. Cookies sind kleine Textdateien, die vom Internet Browser auf dem Endger\u00e4t des Nutzers gespeichert werden. etracker Cookies enthalten keine Informationen, die eine Identifikation eines Nutzers erm\u00f6glichen.<\/p>\n\n\n\n<p>Die mit etracker erzeugten Daten werden in unserem Auftrag von etracker ausschlie\u00dflich in Deutschland verarbeitet und gespeichert und unterliegen damit den strengen deutschen und europ\u00e4ischen Datenschutzgesetzen und -standards. etracker wurde diesbez\u00fcglich unabh\u00e4ngig gepr\u00fcft, zertifiziert und mit dem Datenschutz-G\u00fctesiegel ePrivacyseal ausgezeichnet.<\/p>\n\n\n\n<p>Da uns die Privatsph\u00e4re unserer Besucher besonders wichtig ist, wird die IP-Adresse bei etracker fr\u00fchestm\u00f6glich anonymisiert und Anmelde- oder Ger\u00e4tekennungen bei etracker zu einem eindeutigen, aber nicht einer Person zugeordneten Schl\u00fcssel umgewandelt. Eine andere Verwendung, Zusammenf\u00fchrung mit anderen Daten oder eine Weitergabe an Dritte erfolgt durch etracker nicht.<\/p>\n\n\n\n<p>Sie k\u00f6nnen der vorbeschriebenen Datenverarbeitung jederzeit <a href=\"https:\/\/www.etracker.com\/privacy?et=YM9N8K\" target=\"_blank\" rel=\"noreferrer noopener\">widersprechen<\/a>, soweit sie personenbezogen erfolgt. Ihr Widerspruch hat f\u00fcr Sie keine nachteiligen Folgen.<\/p>\n\n\n\n<p>Weitere Informationen zum Datenschutz bei etracker finden Sie <a href=\"https:\/\/www.etracker.com\/datenschutz\/\" target=\"_blank\" rel=\"noreferrer noopener\">hier<\/a>.<\/p>\n\n\n\n<p><strong>Veranstaltungskalender und andere Angebote der hubermedia GmbH<\/strong><\/p>\n\n\n\n<p>Die Zusammenf\u00fchrung diverser externer Datenquellen und die einheitliche Bereitstellung von Veranstaltungen erfolgt \u00fcber die Content-API eT4 META\u00ae der hubermedia GmbH. Deren Datenschutzerkl\u00e4rung k\u00f6nnen Sie hier einsehen: <a href=\"https:\/\/www.hubermedia.de\/datenschutz\/\" target=\"_blank\" rel=\"noreferrer noopener\">https:\/\/www.hubermedia.de\/datenschutz\/<\/a><\/p>\n\n\n\n<p><strong>Erhebung weiterer Daten<\/strong><\/p>\n\n\n\n<p>In unserem Angebot besteht die M\u00f6glichkeit zur Eingabe pers\u00f6nlicher oder gesch\u00e4ftlicher Daten. Ihre Daten werden dabei auf dem Transport unter Verwendung einer Software (SSL) verschl\u00fcsselt und sind vor einer Kenntnisnahme durch Dritte gesch\u00fctzt.<\/p>\n\n\n\n<p><strong>Elektronische Post (E-Mail)<\/strong><\/p>\n\n\n\n<p>Informationen, die Sie unverschl\u00fcsselt per Elektronische Post (E-Mail) an uns senden, k\u00f6nnen m\u00f6glicherweise auf dem \u00dcbertragungsweg von Dritten gelesen werden. Wir k\u00f6nnen in der Regel auch Ihre Identit\u00e4t nicht \u00fcberpr\u00fcfen und wissen nicht, wer sich hinter einer E-Mail-Adresse verbirgt. Eine rechtssichere Kommunikation durch einfache E-Mail ist daher nicht gew\u00e4hrleistet. Wir setzen \u2013 wie viele E-Mail-Anbieter &#8211; Filter gegen unerw\u00fcnschte Werbung (\u201eSPAM-Filter\u201c) ein, die in seltenen F\u00e4llen auch normale E-Mails f\u00e4lschlicherweise automatisch als unerw\u00fcnschte Werbung einordnen und l\u00f6schen.<\/p>\n\n\n\n<p>E-Mails, die sch\u00e4digende Programme (\u201eViren\u201c) enthalten, werden von uns in jedem Fall automatisch gel\u00f6scht.<\/p>\n\n\n\n<p>Wenn Sie schutzw\u00fcrdige Nachrichten an uns senden wollen, empfehlen wir, diese auf konventionellem Postwege an uns zu senden.<\/p>\n\n\n\n<p>Bitte teilen Sie uns auch mit, ob und auf welche Weise wir Ihnen zur Beantwortung Ihrer Zusendungen verschl\u00fcsselte E-Mails \u00fcbersenden k\u00f6nnen und ob Sie \u2013 falls dies nicht m\u00f6glich ist \u2013 mit einer unverschl\u00fcsselten Antwort per E-Mail auf Ihr Schreiben einverstanden sind. Wenn Sie \u00fcber keine M\u00f6glichkeit zum Empfang verschl\u00fcsselter E-Mails verf\u00fcgen, bitten wir uns zur Beantwortung Ihrer schutzw\u00fcrdiger Nachrichten Ihre Postanschrift zu nennen.<\/p>\n\n\n\n<p><strong>Datensicherheit<\/strong><\/p>\n\n\n\n<p>Wir verwenden innerhalb des Website-Besuchs das verbreitete SSL-Verfahren (Secure Socket Layer) in Verbindung mit der jeweils h\u00f6chsten Verschl\u00fcsselungsstufe, die von Ihrem Browser unterst\u00fctzt wird. In der Regel handelt es sich dabei um eine 256 Bit Verschl\u00fcsselung. Falls Ihr Browser keine 256-Bit Verschl\u00fcsselung unterst\u00fctzt, greifen wir stattdessen auf 128-Bit v3 Technologie zur\u00fcck. Ob eine einzelne Seite unseres Internetauftrittes verschl\u00fcsselt \u00fcbertragen wird, erkennen Sie an der geschlossenen Darstellung des Sch\u00fcssel- beziehungsweise Schloss-Symbols in der unteren Statusleiste Ihres Browsers.<\/p>\n\n\n\n<p>Wir bedienen uns im \u00dcbrigen geeigneter technischer und organisatorischer Sicherheitsma\u00dfnahmen, um Ihre Daten gegen zuf\u00e4llige oder vors\u00e4tzliche Manipulationen, teilweisen oder vollst\u00e4ndigen Verlust, Zerst\u00f6rung oder gegen den unbefugten Zugriff Dritter zu sch\u00fctzen. Unsere Sicherheitsma\u00dfnahmen werden entsprechend der technologischen Entwicklung fortlaufend verbessert.<\/p>\n\n\n\n<p><strong>Fotoaufnahmen<\/strong><\/p>\n\n\n\n<p>Im Rahmen unserer Presse- und \u00d6ffentlichkeitsarbeit werden bei Veranstaltungen und Terminen Fotos aufgenommen, auf denen Sie gegebenenfalls erkennbar zu sehen sind. Der Aufnahme und\/oder einer Ver\u00f6ffentlichung k\u00f6nnen Sie widersprechen.<\/p>\n\n\n\n<p>Bitte nutzen Sie f\u00fcr Ihren Widerspruch die oben genannten Kontaktdaten.<\/p>\n","protected":false},"excerpt":{"rendered":"<p>Name und Kontaktdaten des Verantwortlichen Verantwortlich f\u00fcr die Datenerhebung ist: Stadt Neutraubling&nbsp; Regensburger Stra\u00dfe 9&nbsp; 93073 Neutraubling&nbsp; Telefon: 09401\/800-0&nbsp; Telefax: 09401\/800-66&nbsp; E-Mail:&nbsp;info@stadt-neutraubling.de&nbsp;&nbsp; Kontaktdaten der Datenschutzbeauftragten Sie erreichen unsere beh\u00f6rdliche Datenschutzbeauftragte unter: Landratsamt Regensburg Beh\u00f6rdliche Datenschutzbeauftragte Altm\u00fchlstra\u00dfe 3 93059 Regensburg E-Mail-Adresse: datenschutz@landratsamt-regensburg.de Telefonnummer: 0941 4009-262 Zwecke und Rechtsgrundlagen der Datenverarbeitung Zweck der Verarbeitung ist die Erf\u00fcllung [&hellip;]<\/p>\n","protected":false},"author":1,"featured_media":0,"parent":0,"menu_order":0,"comment_status":"closed","ping_status":"open","template":"","meta":{"ocean_post_layout":"","ocean_both_sidebars_style":"","ocean_both_sidebars_content_width":0,"ocean_both_sidebars_sidebars_width":0,"ocean_sidebar":"0","ocean_second_sidebar":"0","ocean_disable_margins":"enable","ocean_add_body_class":"","ocean_shortcode_before_top_bar":"","ocean_shortcode_after_top_bar":"","ocean_shortcode_before_header":"","ocean_shortcode_after_header":"","ocean_has_shortcode":"","ocean_shortcode_after_title":"","ocean_shortcode_before_footer_widgets":"","ocean_shortcode_after_footer_widgets":"","ocean_shortcode_before_footer_bottom":"","ocean_shortcode_after_footer_bottom":"","ocean_display_top_bar":"default","ocean_display_header":"default","ocean_header_style":"","ocean_center_header_left_menu":"0","ocean_custom_header_template":"0","ocean_custom_logo":0,"ocean_custom_retina_logo":0,"ocean_custom_logo_max_width":0,"ocean_custom_logo_tablet_max_width":0,"ocean_custom_logo_mobile_max_width":0,"ocean_custom_logo_max_height":0,"ocean_custom_logo_tablet_max_height":0,"ocean_custom_logo_mobile_max_height":0,"ocean_header_custom_menu":"0","ocean_menu_typo_font_family":"0","ocean_menu_typo_font_subset":"","ocean_menu_typo_font_size":0,"ocean_menu_typo_font_size_tablet":0,"ocean_menu_typo_font_size_mobile":0,"ocean_menu_typo_font_size_unit":"px","ocean_menu_typo_font_weight":"","ocean_menu_typo_font_weight_tablet":"","ocean_menu_typo_font_weight_mobile":"","ocean_menu_typo_transform":"","ocean_menu_typo_transform_tablet":"","ocean_menu_typo_transform_mobile":"","ocean_menu_typo_line_height":0,"ocean_menu_typo_line_height_tablet":0,"ocean_menu_typo_line_height_mobile":0,"ocean_menu_typo_line_height_unit":"","ocean_menu_typo_spacing":0,"ocean_menu_typo_spacing_tablet":0,"ocean_menu_typo_spacing_mobile":0,"ocean_menu_typo_spacing_unit":"","ocean_menu_link_color":"","ocean_menu_link_color_hover":"","ocean_menu_link_color_active":"","ocean_menu_link_background":"","ocean_menu_link_hover_background":"","ocean_menu_link_active_background":"","ocean_menu_social_links_bg":"","ocean_menu_social_hover_links_bg":"","ocean_menu_social_links_color":"","ocean_menu_social_hover_links_color":"","ocean_disable_title":"default","ocean_disable_heading":"default","ocean_post_title":"","ocean_post_subheading":"","ocean_post_title_style":"","ocean_post_title_background_color":"","ocean_post_title_background":0,"ocean_post_title_bg_image_position":"","ocean_post_title_bg_image_attachment":"","ocean_post_title_bg_image_repeat":"","ocean_post_title_bg_image_size":"","ocean_post_title_height":0,"ocean_post_title_bg_overlay":0.5,"ocean_post_title_bg_overlay_color":"","ocean_disable_breadcrumbs":"default","ocean_breadcrumbs_color":"","ocean_breadcrumbs_separator_color":"","ocean_breadcrumbs_links_color":"","ocean_breadcrumbs_links_hover_color":"","ocean_display_footer_widgets":"default","ocean_display_footer_bottom":"default","ocean_custom_footer_template":"0"},"_links":{"self":[{"href":"https:\/\/kinderbetreuung-neutraubling.de\/kindergarten-heising\/wp-json\/wp\/v2\/pages\/3"}],"collection":[{"href":"https:\/\/kinderbetreuung-neutraubling.de\/kindergarten-heising\/wp-json\/wp\/v2\/pages"}],"about":[{"href":"https:\/\/kinderbetreuung-neutraubling.de\/kindergarten-heising\/wp-json\/wp\/v2\/types\/page"}],"author":[{"embeddable":true,"href":"https:\/\/kinderbetreuung-neutraubling.de\/kindergarten-heising\/wp-json\/wp\/v2\/users\/1"}],"replies":[{"embeddable":true,"href":"https:\/\/kinderbetreuung-neutraubling.de\/kindergarten-heising\/wp-json\/wp\/v2\/comments?post=3"}],"version-history":[{"count":3,"href":"https:\/\/kinderbetreuung-neutraubling.de\/kindergarten-heising\/wp-json\/wp\/v2\/pages\/3\/revisions"}],"predecessor-version":[{"id":65,"href":"https:\/\/kinderbetreuung-neutraubling.de\/kindergarten-heising\/wp-json\/wp\/v2\/pages\/3\/revisions\/65"}],"wp:attachment":[{"href":"https:\/\/kinderbetreuung-neutraubling.de\/kindergarten-heising\/wp-json\/wp\/v2\/media?parent=3"}],"curies":[{"name":"wp","href":"https:\/\/api.w.org\/{rel}","templated":true}]}}