{"id":92,"date":"2020-09-09T08:56:51","date_gmt":"2020-09-09T06:56:51","guid":{"rendered":"https:\/\/kinderbetreuung-neutraubling.de\/kiga-am-tennispark\/?page_id=92"},"modified":"2025-09-19T09:51:18","modified_gmt":"2025-09-19T07:51:18","slug":"kindergarten-am-tennispark","status":"publish","type":"page","link":"https:\/\/kinderbetreuung-neutraubling.de\/kiga-am-tennispark\/","title":{"rendered":"Startseite"},"content":{"rendered":"\n<figure class=\"wp-block-image is-resized\"><img decoding=\"async\" loading=\"lazy\" src=\"https:\/\/kinderbetreuung-neutraubling.de\/kiga-am-tennispark\/wp-content\/uploads\/sites\/11\/2020\/08\/Bild-neuer-Kindergarten-Tennispark.jpg\" alt=\"\" class=\"wp-image-93\" width=\"445\" height=\"341\" srcset=\"https:\/\/kinderbetreuung-neutraubling.de\/kiga-am-tennispark\/wp-content\/uploads\/sites\/11\/2020\/08\/Bild-neuer-Kindergarten-Tennispark.jpg 1144w, https:\/\/kinderbetreuung-neutraubling.de\/kiga-am-tennispark\/wp-content\/uploads\/sites\/11\/2020\/08\/Bild-neuer-Kindergarten-Tennispark-300x230.jpg 300w, https:\/\/kinderbetreuung-neutraubling.de\/kiga-am-tennispark\/wp-content\/uploads\/sites\/11\/2020\/08\/Bild-neuer-Kindergarten-Tennispark-1024x784.jpg 1024w, https:\/\/kinderbetreuung-neutraubling.de\/kiga-am-tennispark\/wp-content\/uploads\/sites\/11\/2020\/08\/Bild-neuer-Kindergarten-Tennispark-768x588.jpg 768w\" sizes=\"(max-width: 445px) 100vw, 445px\" \/><\/figure>\n\n\n\n<h3>St\u00e4dt. Kindergarten am Tennispark<\/h3>\n\n\n\n<p>Gerhart-Hauptmann-Stra\u00dfe 20<br>93073 Neutraubling<\/p>\n\n\n\n<p><strong><mark class=\"has-inline-color has-vivid-red-color\">E-Mail:<\/mark><\/strong><\/p>\n\n\n\n<p> kiga-am-tennispark@stadt-neutraubling.de<\/p>\n\n\n\n<p><strong><mark class=\"has-inline-color has-vivid-red-color\">Telefonnummer: <\/mark><\/strong><\/p>\n\n\n\n<p>09401\/5395401<\/p>\n\n\n\n<p><\/p>\n\n\n\n<p><mark class=\"has-inline-color has-vivid-red-color\"><strong>Hier finden sie unsere Konzeption und k\u00f6nnen somit alles wissenswerte \u00fcber unseren Kindergarten erfahren: <\/strong><\/mark><\/p>\n\n\n\n<p><a href=\"\/Users\/tennispark\/Documents\/Konzeption%20Kindergarten%20am%20Tennispark.pdf\">Konzeption Kindergarten am Tennispark.pdf<\/a><\/p>\n\n\n\n<p><\/p>\n\n\n\n<p><\/p>\n\n\n\n<p><\/p>\n\n\n\n<p><\/p>\n\n\n\n<p class=\"has-text-align-center\"><strong><mark style=\"background-color:#cf2e2e\" class=\"has-inline-color\">Unser Tagesablauf:<\/mark><\/strong><\/p>\n\n\n\n<div class=\"is-nowrap is-layout-flex wp-container-1 wp-block-group\">\n<figure class=\"wp-block-table\"><table><tbody><tr><td><strong>Tagesablauf im offenen Konzept<\/strong><\/td><td><strong>Uhrzeit<\/strong><\/td><\/tr><tr><td>\u00d6ffnung des Kindergartens. Alle Kinder werden in der L\u00f6wenzahngruppe abgegeben. Auch die Brotzeit kann bereits zur Bringzeit gegessen werden.<\/td><td><strong>07:15 Uhr<\/strong><strong><\/strong><\/td><\/tr><tr><td>Morgenkreis (Begr\u00fc\u00dfung, Kinder werden gez\u00e4hlt, der Tag wird besprochen) in den Stammgruppen. Wenn Familien nach 8:30 Uhr kommen, muss an der Garderobe gewartet werden, bis der Morgenkreis vorbei ist. (St\u00f6rung vermeiden)<\/td><td><strong>08:30 Uhr<\/strong><strong><\/strong><\/td><\/tr><\/tbody><\/table><\/figure>\n\n\n\n<figure class=\"wp-block-table\"><table><tbody><tr><td>Die Funktionsr\u00e4ume k\u00f6nnen von allen Kindern genutzt werden. (Freispiel) Alle Kinder k\u00f6nnen freiwillig an Handlungseinheiten teilnehmen. Auch kann jederzeit Brotzeit gemacht werden.<\/td><td><strong>09:00 Uhr \u2013 11:30 Uhr<\/strong><strong><\/strong><\/td><\/tr><tr><td>Gemeinsames aufr\u00e4umen, Mittagskreis (Kreisspiele, gemeinsame Aktivit\u00e4ten)<\/td><td><strong>11:30 Uhr<\/strong><strong><\/strong><\/td><\/tr><tr><td>Mittagessen im Speiseraum (Gruppe 1 = Kinder, die um 12:15 Uhr abgeholt werden, oder bei uns zum Mittagsschlaf gehen). Die anderen Kinder d\u00fcrfen weiterspielen. Vor und nach dem Mittagessen gehen alle Kinder H\u00e4ndewaschen.<\/td><td><strong>11:45 Uhr<\/strong><strong><\/strong><\/td><\/tr><tr><td>Die Abholzeit beginnt<\/td><td><strong>12:15 Uhr<\/strong><strong><\/strong><\/td><\/tr><tr><td>Gruppe 2 geht zum Mittagessen (Alle Kinder, die nichtmehr schlafen) Die anderen Kinder gehen im Schlafraum zum Mittagsschlaf.<\/td><td><strong>12:30 Uhr<\/strong><strong><\/strong><\/td><\/tr><tr><td>Die Kinder der zweiten Essensgruppe gehen in der L\u00f6wenzahngruppe zur Entspannung. Dabei wir ein H\u00f6rbuch geh\u00f6rt. Kinder, die einschlafen, d\u00fcrfen dann auch weiterschlafen. Wir wecken kein Kind auf\/halten niemanden wach!<\/td><td><strong>13:15 Uhr<\/strong><strong><\/strong><\/td><\/tr><tr><td>Die Schlafenskinder stehen auf. In der L\u00f6wenzahngruppe oder auch im Garten findet der Rest des Tages mit Freispiel statt.<\/td><td><strong>14:15 Uhr<\/strong><strong><\/strong><\/td><\/tr><tr><td>Der Kindergarten schlie\u00dft<\/td><td><strong>16:15 Uhr<\/strong><strong><\/strong><\/td><\/tr><\/tbody><\/table><\/figure>\n<\/div>\n\n\n\n<p><\/p>\n\n\n\n<p><\/p>\n\n\n\n<p><\/p>\n\n\n\n<p><\/p>\n\n\n\n<p class=\"has-text-align-center\"><strong><mark class=\"has-inline-color has-vivid-green-cyan-color\">Hier finden sie unsere Schlie\u00dftage f\u00fcr das Bildungsjahr 2025\/2026 und das Jahr <\/mark><\/strong>2026<\/p>\n\n\n\n<figure class=\"wp-block-image size-full\"><img decoding=\"async\" loading=\"lazy\" width=\"651\" height=\"725\" src=\"https:\/\/kinderbetreuung-neutraubling.de\/kiga-am-tennispark\/wp-content\/uploads\/sites\/11\/2025\/09\/Schliesstage-Kindergarten-am-Tennispark.png\" alt=\"\" class=\"wp-image-422\" srcset=\"https:\/\/kinderbetreuung-neutraubling.de\/kiga-am-tennispark\/wp-content\/uploads\/sites\/11\/2025\/09\/Schliesstage-Kindergarten-am-Tennispark.png 651w, https:\/\/kinderbetreuung-neutraubling.de\/kiga-am-tennispark\/wp-content\/uploads\/sites\/11\/2025\/09\/Schliesstage-Kindergarten-am-Tennispark-269x300.png 269w\" sizes=\"(max-width: 651px) 100vw, 651px\" \/><\/figure>\n\n\n\n<p><\/p>\n\n\n\n<p><\/p>\n\n\n\n<p><\/p>\n\n\n\n<p><\/p>\n\n\n\n<p><\/p>\n\n\n\n<p><\/p>\n\n\n\n<p class=\"has-text-align-center\"><strong>Wir nehmen am EU-Schulprogramm teil und d\u00fcrfen nun Schulobst beziehen \ud83d\ude42 Wir freuen uns!<\/strong><\/p>\n\n\n\n<figure class=\"wp-block-image size-large is-resized\"><img decoding=\"async\" loading=\"lazy\" src=\"https:\/\/kinderbetreuung-neutraubling.de\/kiga-am-tennispark\/wp-content\/uploads\/sites\/11\/2024\/10\/image-1-730x1024.png\" alt=\"\" class=\"wp-image-382\" width=\"746\" height=\"1046\" srcset=\"https:\/\/kinderbetreuung-neutraubling.de\/kiga-am-tennispark\/wp-content\/uploads\/sites\/11\/2024\/10\/image-1-730x1024.png 730w, https:\/\/kinderbetreuung-neutraubling.de\/kiga-am-tennispark\/wp-content\/uploads\/sites\/11\/2024\/10\/image-1-214x300.png 214w, https:\/\/kinderbetreuung-neutraubling.de\/kiga-am-tennispark\/wp-content\/uploads\/sites\/11\/2024\/10\/image-1-768x1078.png 768w, https:\/\/kinderbetreuung-neutraubling.de\/kiga-am-tennispark\/wp-content\/uploads\/sites\/11\/2024\/10\/image-1-1095x1536.png 1095w, https:\/\/kinderbetreuung-neutraubling.de\/kiga-am-tennispark\/wp-content\/uploads\/sites\/11\/2024\/10\/image-1.png 1116w\" sizes=\"(max-width: 746px) 100vw, 746px\" \/><\/figure>\n","protected":false},"excerpt":{"rendered":"<p>St\u00e4dt. Kindergarten am Tennispark Gerhart-Hauptmann-Stra\u00dfe 2093073 Neutraubling E-Mail: kiga-am-tennispark@stadt-neutraubling.de Telefonnummer: 09401\/5395401 Hier finden sie unsere Konzeption und k\u00f6nnen somit alles wissenswerte \u00fcber unseren Kindergarten erfahren: Konzeption Kindergarten am Tennispark.pdf Unser Tagesablauf: Tagesablauf im offenen Konzept Uhrzeit \u00d6ffnung des Kindergartens. Alle Kinder werden in der L\u00f6wenzahngruppe abgegeben. Auch die Brotzeit kann bereits zur Bringzeit gegessen werden. [&hellip;]<\/p>\n","protected":false},"author":9,"featured_media":0,"parent":0,"menu_order":0,"comment_status":"closed","ping_status":"closed","template":"","meta":{"ocean_post_layout":"","ocean_both_sidebars_style":"","ocean_both_sidebars_content_width":0,"ocean_both_sidebars_sidebars_width":0,"ocean_sidebar":"0","ocean_second_sidebar":"0","ocean_disable_margins":"enable","ocean_add_body_class":"","ocean_shortcode_before_top_bar":"","ocean_shortcode_after_top_bar":"","ocean_shortcode_before_header":"","ocean_shortcode_after_header":"","ocean_has_shortcode":"","ocean_shortcode_after_title":"","ocean_shortcode_before_footer_widgets":"","ocean_shortcode_after_footer_widgets":"","ocean_shortcode_before_footer_bottom":"","ocean_shortcode_after_footer_bottom":"","ocean_display_top_bar":"default","ocean_display_header":"default","ocean_header_style":"","ocean_center_header_left_menu":"0","ocean_custom_header_template":"0","ocean_custom_logo":0,"ocean_custom_retina_logo":0,"ocean_custom_logo_max_width":0,"ocean_custom_logo_tablet_max_width":0,"ocean_custom_logo_mobile_max_width":0,"ocean_custom_logo_max_height":0,"ocean_custom_logo_tablet_max_height":0,"ocean_custom_logo_mobile_max_height":0,"ocean_header_custom_menu":"0","ocean_menu_typo_font_family":"0","ocean_menu_typo_font_subset":"","ocean_menu_typo_font_size":0,"ocean_menu_typo_font_size_tablet":0,"ocean_menu_typo_font_size_mobile":0,"ocean_menu_typo_font_size_unit":"px","ocean_menu_typo_font_weight":"","ocean_menu_typo_font_weight_tablet":"","ocean_menu_typo_font_weight_mobile":"","ocean_menu_typo_transform":"","ocean_menu_typo_transform_tablet":"","ocean_menu_typo_transform_mobile":"","ocean_menu_typo_line_height":0,"ocean_menu_typo_line_height_tablet":0,"ocean_menu_typo_line_height_mobile":0,"ocean_menu_typo_line_height_unit":"","ocean_menu_typo_spacing":0,"ocean_menu_typo_spacing_tablet":0,"ocean_menu_typo_spacing_mobile":0,"ocean_menu_typo_spacing_unit":"","ocean_menu_link_color":"","ocean_menu_link_color_hover":"","ocean_menu_link_color_active":"","ocean_menu_link_background":"","ocean_menu_link_hover_background":"","ocean_menu_link_active_background":"","ocean_menu_social_links_bg":"","ocean_menu_social_hover_links_bg":"","ocean_menu_social_links_color":"","ocean_menu_social_hover_links_color":"","ocean_disable_title":"default","ocean_disable_heading":"default","ocean_post_title":"","ocean_post_subheading":"","ocean_post_title_style":"","ocean_post_title_background_color":"","ocean_post_title_background":0,"ocean_post_title_bg_image_position":"","ocean_post_title_bg_image_attachment":"","ocean_post_title_bg_image_repeat":"","ocean_post_title_bg_image_size":"","ocean_post_title_height":0,"ocean_post_title_bg_overlay":0.5,"ocean_post_title_bg_overlay_color":"","ocean_disable_breadcrumbs":"default","ocean_breadcrumbs_color":"","ocean_breadcrumbs_separator_color":"","ocean_breadcrumbs_links_color":"","ocean_breadcrumbs_links_hover_color":"","ocean_display_footer_widgets":"default","ocean_display_footer_bottom":"default","ocean_custom_footer_template":"0"},"_links":{"self":[{"href":"https:\/\/kinderbetreuung-neutraubling.de\/kiga-am-tennispark\/wp-json\/wp\/v2\/pages\/92"}],"collection":[{"href":"https:\/\/kinderbetreuung-neutraubling.de\/kiga-am-tennispark\/wp-json\/wp\/v2\/pages"}],"about":[{"href":"https:\/\/kinderbetreuung-neutraubling.de\/kiga-am-tennispark\/wp-json\/wp\/v2\/types\/page"}],"author":[{"embeddable":true,"href":"https:\/\/kinderbetreuung-neutraubling.de\/kiga-am-tennispark\/wp-json\/wp\/v2\/users\/9"}],"replies":[{"embeddable":true,"href":"https:\/\/kinderbetreuung-neutraubling.de\/kiga-am-tennispark\/wp-json\/wp\/v2\/comments?post=92"}],"version-history":[{"count":25,"href":"https:\/\/kinderbetreuung-neutraubling.de\/kiga-am-tennispark\/wp-json\/wp\/v2\/pages\/92\/revisions"}],"predecessor-version":[{"id":423,"href":"https:\/\/kinderbetreuung-neutraubling.de\/kiga-am-tennispark\/wp-json\/wp\/v2\/pages\/92\/revisions\/423"}],"wp:attachment":[{"href":"https:\/\/kinderbetreuung-neutraubling.de\/kiga-am-tennispark\/wp-json\/wp\/v2\/media?parent=92"}],"curies":[{"name":"wp","href":"https:\/\/api.w.org\/{rel}","templated":true}]}}